{"id":1831,"date":"2023-03-30T17:17:11","date_gmt":"2023-03-30T14:17:11","guid":{"rendered":"https:\/\/polikarbonat.md\/dlya-besedki\/"},"modified":"2023-04-27T12:18:13","modified_gmt":"2023-04-27T09:18:13","slug":"dlya-besedki","status":"publish","type":"page","link":"https:\/\/polikarbonat.md\/ro\/dlya-besedki\/","title":{"rendered":"Pentru foi\u0219or"},"content":{"rendered":"\n<div class=\"wp-block-columns is-layout-flex wp-container-core-columns-is-layout-9d6595d7 wp-block-columns-is-layout-flex\">\n<div class=\"wp-block-column is-layout-flow wp-block-column-is-layout-flow\">\n<p>Policarbonatul pentru pergol\u0103, estetic \u0219i durabil, \u00ee\u0219i \u00eendepline\u0219te func\u021biile de protec\u021bie la fel de bine ca \u0219i gardurile metalice sau din lemn. Acest material s-a dovedit \u00een condi\u021bii dificile &#8211; viscolul, v\u00e2ntul \u0219i ploaia nu sunt un obstacol pentru el. V\u0103 invit\u0103m s\u0103 achizi\u021biona\u021bi cantitatea necesar\u0103 de foi \u0219i accesorii la pre\u021buri atractive!<\/p>\n\n\n<div class=\"woocommerce columns-3\"><\/div>\n<\/div>\n<\/div>\n","protected":false},"excerpt":{"rendered":"<p>Policarbonatul pentru pergol\u0103, estetic \u0219i durabil, \u00ee\u0219i \u00eendepline\u0219te func\u021biile de protec\u021bie la fel de bine ca \u0219i gardurile metalice sau din lemn. Acest material s-a dovedit \u00een condi\u021bii dificile &#8211; viscolul, v\u00e2ntul \u0219i ploaia nu sunt un obstacol pentru el. V\u0103 invit\u0103m s\u0103 achizi\u021biona\u021bi cantitatea necesar\u0103 de foi \u0219i accesorii la pre\u021buri atractive!<\/p>\n","protected":false},"author":1,"featured_media":1830,"parent":0,"menu_order":0,"comment_status":"closed","ping_status":"closed","template":"","meta":{"footnotes":""},"class_list":["post-1831","page","type-page","status-publish","has-post-thumbnail","hentry"],"acf":[],"_links":{"self":[{"href":"https:\/\/polikarbonat.md\/ro\/wp-json\/wp\/v2\/pages\/1831","targetHints":{"allow":["GET"]}}],"collection":[{"href":"https:\/\/polikarbonat.md\/ro\/wp-json\/wp\/v2\/pages"}],"about":[{"href":"https:\/\/polikarbonat.md\/ro\/wp-json\/wp\/v2\/types\/page"}],"author":[{"embeddable":true,"href":"https:\/\/polikarbonat.md\/ro\/wp-json\/wp\/v2\/users\/1"}],"replies":[{"embeddable":true,"href":"https:\/\/polikarbonat.md\/ro\/wp-json\/wp\/v2\/comments?post=1831"}],"version-history":[{"count":2,"href":"https:\/\/polikarbonat.md\/ro\/wp-json\/wp\/v2\/pages\/1831\/revisions"}],"predecessor-version":[{"id":2356,"href":"https:\/\/polikarbonat.md\/ro\/wp-json\/wp\/v2\/pages\/1831\/revisions\/2356"}],"wp:featuredmedia":[{"embeddable":true,"href":"https:\/\/polikarbonat.md\/ro\/wp-json\/wp\/v2\/media\/1830"}],"wp:attachment":[{"href":"https:\/\/polikarbonat.md\/ro\/wp-json\/wp\/v2\/media?parent=1831"}],"curies":[{"name":"wp","href":"https:\/\/api.w.org\/{rel}","templated":true}]}}