{"id":1911,"date":"2022-12-22T14:39:12","date_gmt":"2022-12-22T11:39:12","guid":{"rendered":"https:\/\/polikarbonat.md\/dlya-zabora\/"},"modified":"2023-05-23T17:17:09","modified_gmt":"2023-05-23T14:17:09","slug":"dlya-zabora","status":"publish","type":"page","link":"https:\/\/polikarbonat.md\/ro\/dlya-zabora\/","title":{"rendered":"Pentru gard"},"content":{"rendered":"\n<div class=\"wp-block-columns is-layout-flex wp-container-core-columns-is-layout-9d6595d7 wp-block-columns-is-layout-flex\">\n<div class=\"wp-block-column is-layout-flow wp-block-column-is-layout-flow\">\n<p>Policarbonatul pentru garduri este pl\u0103cut din punct de vedere estetic \u0219i de lung\u0103 durat\u0103, \u00eendeplinindu-\u0219i func\u021biile de protec\u021bie la fel de bine ca \u0219i gardurile din metal sau lemn. Acest material \u0219i-a dovedit eficien\u021ba \u00een condi\u021bii dificile &#8211; troiene de z\u0103pad\u0103, v\u00e2nt \u0219i ploaie nu reprezint\u0103 o problem\u0103 pentru el. V\u0103 invit\u0103m s\u0103 achizi\u021biona\u021bi cantitatea necesar\u0103 de folii \u0219i accesorii la pre\u021buri atractive!<\/p>\n\n\n<div class=\"woocommerce columns-3\"><\/div>\n<\/div>\n<\/div>\n","protected":false},"excerpt":{"rendered":"<p>Policarbonatul pentru garduri este pl\u0103cut din punct de vedere estetic \u0219i de lung\u0103 durat\u0103, \u00eendeplinindu-\u0219i func\u021biile de protec\u021bie la fel de bine ca \u0219i gardurile din metal sau lemn. Acest material \u0219i-a dovedit eficien\u021ba \u00een condi\u021bii dificile &#8211; troiene de z\u0103pad\u0103, v\u00e2nt \u0219i ploaie nu reprezint\u0103 o problem\u0103 pentru el. V\u0103 invit\u0103m s\u0103 achizi\u021biona\u021bi cantitatea [&hellip;]<\/p>\n","protected":false},"author":1,"featured_media":1830,"parent":0,"menu_order":0,"comment_status":"closed","ping_status":"closed","template":"","meta":{"footnotes":""},"class_list":["post-1911","page","type-page","status-publish","has-post-thumbnail","hentry"],"acf":[],"_links":{"self":[{"href":"https:\/\/polikarbonat.md\/ro\/wp-json\/wp\/v2\/pages\/1911","targetHints":{"allow":["GET"]}}],"collection":[{"href":"https:\/\/polikarbonat.md\/ro\/wp-json\/wp\/v2\/pages"}],"about":[{"href":"https:\/\/polikarbonat.md\/ro\/wp-json\/wp\/v2\/types\/page"}],"author":[{"embeddable":true,"href":"https:\/\/polikarbonat.md\/ro\/wp-json\/wp\/v2\/users\/1"}],"replies":[{"embeddable":true,"href":"https:\/\/polikarbonat.md\/ro\/wp-json\/wp\/v2\/comments?post=1911"}],"version-history":[{"count":1,"href":"https:\/\/polikarbonat.md\/ro\/wp-json\/wp\/v2\/pages\/1911\/revisions"}],"predecessor-version":[{"id":2358,"href":"https:\/\/polikarbonat.md\/ro\/wp-json\/wp\/v2\/pages\/1911\/revisions\/2358"}],"wp:featuredmedia":[{"embeddable":true,"href":"https:\/\/polikarbonat.md\/ro\/wp-json\/wp\/v2\/media\/1830"}],"wp:attachment":[{"href":"https:\/\/polikarbonat.md\/ro\/wp-json\/wp\/v2\/media?parent=1911"}],"curies":[{"name":"wp","href":"https:\/\/api.w.org\/{rel}","templated":true}]}}