{"id":1912,"date":"2022-12-22T14:34:57","date_gmt":"2022-12-22T11:34:57","guid":{"rendered":"https:\/\/polikarbonat.md\/dlya-navesov\/"},"modified":"2023-06-16T13:11:54","modified_gmt":"2023-06-16T10:11:54","slug":"pentru-copertine","status":"publish","type":"page","link":"https:\/\/polikarbonat.md\/ro\/pentru-copertine\/","title":{"rendered":"Pentru baldachine"},"content":{"rendered":"\n<div class=\"wp-block-columns is-layout-flex wp-container-core-columns-is-layout-9d6595d7 wp-block-columns-is-layout-flex\">\n<div class=\"wp-block-column is-layout-flow wp-block-column-is-layout-flow\"><div class=\"woocommerce columns-3\"><ul class=\"products columns-3\">\n<li class=\"product-category product first\">\n\t<span style=\"color: #150604;\" class=\"woocommerce-loop-product__title\"><strong>Ardezie Italia<\/string><\/span><\/li>\n<li class=\"product-category product\">\n\t<span style=\"color: #150604;\" class=\"woocommerce-loop-product__title\"><strong>Policarbonat celular<\/string><\/span><\/li>\n<li class=\"product-category product last\">\n\t<span style=\"color: #150604;\" class=\"woocommerce-loop-product__title\"><strong>Policarbonat monolit<\/string><\/span><\/li>\n<\/ul>\n<\/div>\n\n\n\n<p>Dori\u021bi s\u0103 cump\u0103ra\u021bi policarbonat de calitate pentru o copertin\u0103 \u00een Chi\u0219in\u0103u? Atunci a\u021bi ajuns la locul potrivit! \u00cen prezent, policarbonatul este cea mai bun\u0103 solu\u021bie pentru crearea baldachinelor, deoarece este u\u0219or, durabil \u0219i are un aspect translucid atractiv.<\/p>\n\n\n\n<p>Oferim o gam\u0103 larg\u0103 de pl\u0103ci termoplastice la pre\u021buri avantajoase \u0219i suntem gata s\u0103 producem cantitatea necesar\u0103 de material pentru a satisface cerin\u021bele dumneavoastr\u0103. \u00cen plus, gama noastr\u0103 dispune de toate accesoriile necesare pentru montarea policarbonatului, cum ar fi profile, \u0219aibe termice \u0219i garnituri.<\/p>\n\n\n\n<p>\u0218i pentru a face procesul de achizi\u021bie \u0219i mai convenabil, livr\u0103m plasticul pentru copertin\u0103 direct la domiciliul dumneavoastr\u0103 cu ajutorul serviciului nostru de logistic\u0103. Livr\u0103m \u00een Chi\u0219in\u0103u \u0219i \u00een toat\u0103 Moldova. Nu rata\u021bi ocazia de a crea un baldachin durabil \u0219i estetic &#8211; contacta\u021bi-ne!<\/p>\n<\/div>\n<\/div>\n","protected":false},"excerpt":{"rendered":"<p>Dori\u021bi s\u0103 cump\u0103ra\u021bi policarbonat de calitate pentru o copertin\u0103 \u00een Chi\u0219in\u0103u? Atunci a\u021bi ajuns la locul potrivit! \u00cen prezent, policarbonatul este cea mai bun\u0103 solu\u021bie pentru crearea baldachinelor, deoarece este u\u0219or, durabil \u0219i are un aspect translucid atractiv. Oferim o gam\u0103 larg\u0103 de pl\u0103ci termoplastice la pre\u021buri avantajoase \u0219i suntem gata s\u0103 producem cantitatea necesar\u0103 [&hellip;]<\/p>\n","protected":false},"author":1,"featured_media":1913,"parent":0,"menu_order":0,"comment_status":"closed","ping_status":"closed","template":"","meta":{"footnotes":""},"class_list":["post-1912","page","type-page","status-publish","has-post-thumbnail","hentry"],"acf":[],"_links":{"self":[{"href":"https:\/\/polikarbonat.md\/ro\/wp-json\/wp\/v2\/pages\/1912","targetHints":{"allow":["GET"]}}],"collection":[{"href":"https:\/\/polikarbonat.md\/ro\/wp-json\/wp\/v2\/pages"}],"about":[{"href":"https:\/\/polikarbonat.md\/ro\/wp-json\/wp\/v2\/types\/page"}],"author":[{"embeddable":true,"href":"https:\/\/polikarbonat.md\/ro\/wp-json\/wp\/v2\/users\/1"}],"replies":[{"embeddable":true,"href":"https:\/\/polikarbonat.md\/ro\/wp-json\/wp\/v2\/comments?post=1912"}],"version-history":[{"count":2,"href":"https:\/\/polikarbonat.md\/ro\/wp-json\/wp\/v2\/pages\/1912\/revisions"}],"predecessor-version":[{"id":2373,"href":"https:\/\/polikarbonat.md\/ro\/wp-json\/wp\/v2\/pages\/1912\/revisions\/2373"}],"wp:featuredmedia":[{"embeddable":true,"href":"https:\/\/polikarbonat.md\/ro\/wp-json\/wp\/v2\/media\/1913"}],"wp:attachment":[{"href":"https:\/\/polikarbonat.md\/ro\/wp-json\/wp\/v2\/media?parent=1912"}],"curies":[{"name":"wp","href":"https:\/\/api.w.org\/{rel}","templated":true}]}}