{"id":1914,"date":"2022-12-22T14:11:00","date_gmt":"2022-12-22T11:11:00","guid":{"rendered":"https:\/\/polikarbonat.md\/dlya-kozyrkov\/"},"modified":"2023-05-23T17:13:30","modified_gmt":"2023-05-23T14:13:30","slug":"dlya-kozyrkov","status":"publish","type":"page","link":"https:\/\/polikarbonat.md\/ro\/dlya-kozyrkov\/","title":{"rendered":"Pentru copertine"},"content":{"rendered":"\n<div class=\"wp-block-columns is-layout-flex wp-container-core-columns-is-layout-9d6595d7 wp-block-columns-is-layout-flex\">\n<div class=\"wp-block-column is-layout-flow wp-block-column-is-layout-flow\">\n<p>C\u0103uta\u021bi policarbonat pentru copertine &#8211; compania noastr\u0103 DepozONE ofer\u0103 o gam\u0103 larg\u0103 de foi de polimer \u00een diferite dimensiuni, culori \u0219i grosimi. Pute\u021bi cump\u0103ra orice cantitate din materialul nostru durabil \u0219i estetic, fabricat \u00een conformitate cu standardele europene. Acesta va face o copertin\u0103 modern\u0103 frumoas\u0103 &#8211; fiabil\u0103, frumoas\u0103 \u0219i func\u021bional\u0103!<\/p>\n\n\n<div class=\"woocommerce columns-3\"><ul class=\"products columns-3\">\n<li class=\"product-category product first\">\n\t<span style=\"color: #150604;\" class=\"woocommerce-loop-product__title\"><strong>Ardezie Italia<\/string><\/span><\/li>\n<li class=\"product-category product\">\n\t<span style=\"color: #150604;\" class=\"woocommerce-loop-product__title\"><strong>Policarbonat celular<\/string><\/span><\/li>\n<li class=\"product-category product last\">\n\t<span style=\"color: #150604;\" class=\"woocommerce-loop-product__title\"><strong>Policarbonat monolit<\/string><\/span><\/li>\n<\/ul>\n<\/div>\n<\/div>\n<\/div>\n","protected":false},"excerpt":{"rendered":"<p>C\u0103uta\u021bi policarbonat pentru copertine &#8211; compania noastr\u0103 DepozONE ofer\u0103 o gam\u0103 larg\u0103 de foi de polimer \u00een diferite dimensiuni, culori \u0219i grosimi. Pute\u021bi cump\u0103ra orice cantitate din materialul nostru durabil \u0219i estetic, fabricat \u00een conformitate cu standardele europene. Acesta va face o copertin\u0103 modern\u0103 frumoas\u0103 &#8211; fiabil\u0103, frumoas\u0103 \u0219i func\u021bional\u0103!<\/p>\n","protected":false},"author":1,"featured_media":1915,"parent":0,"menu_order":0,"comment_status":"closed","ping_status":"closed","template":"","meta":{"footnotes":""},"class_list":["post-1914","page","type-page","status-publish","has-post-thumbnail","hentry"],"acf":[],"_links":{"self":[{"href":"https:\/\/polikarbonat.md\/ro\/wp-json\/wp\/v2\/pages\/1914","targetHints":{"allow":["GET"]}}],"collection":[{"href":"https:\/\/polikarbonat.md\/ro\/wp-json\/wp\/v2\/pages"}],"about":[{"href":"https:\/\/polikarbonat.md\/ro\/wp-json\/wp\/v2\/types\/page"}],"author":[{"embeddable":true,"href":"https:\/\/polikarbonat.md\/ro\/wp-json\/wp\/v2\/users\/1"}],"replies":[{"embeddable":true,"href":"https:\/\/polikarbonat.md\/ro\/wp-json\/wp\/v2\/comments?post=1914"}],"version-history":[{"count":1,"href":"https:\/\/polikarbonat.md\/ro\/wp-json\/wp\/v2\/pages\/1914\/revisions"}],"predecessor-version":[{"id":2354,"href":"https:\/\/polikarbonat.md\/ro\/wp-json\/wp\/v2\/pages\/1914\/revisions\/2354"}],"wp:featuredmedia":[{"embeddable":true,"href":"https:\/\/polikarbonat.md\/ro\/wp-json\/wp\/v2\/media\/1915"}],"wp:attachment":[{"href":"https:\/\/polikarbonat.md\/ro\/wp-json\/wp\/v2\/media?parent=1914"}],"curies":[{"name":"wp","href":"https:\/\/api.w.org\/{rel}","templated":true}]}}