{"id":1918,"date":"2026-01-01T16:39:00","date_gmt":"2026-01-01T13:39:00","guid":{"rendered":"https:\/\/polikarbonat.md\/main\/"},"modified":"2026-02-18T14:10:05","modified_gmt":"2026-02-18T11:10:05","slug":"main","status":"publish","type":"page","link":"https:\/\/polikarbonat.md\/ro\/","title":{"rendered":"main"},"content":{"rendered":"<section id=\"image-carousel\" class=\"splide\" aria-label=\"Slide Images\">\n  <div class=\"splide__track\">\n\t\t<ul class=\"splide__list\">\n\t\t\t<li class=\"splide__slide\">\n\t\t\t\t<img decoding=\"async\" src=\"https:\/\/polikarbonat.md\/wp-content\/themes\/sellex\/slide\/WORKS.jpg\" alt=\"\">\n\t\t\t<\/li>\n\t\t\t<li class=\"splide__slide\">\n      <img decoding=\"async\" src=\"https:\/\/polikarbonat.md\/wp-content\/themes\/sellex\/slide\/POLICARBONAT.jpg\" alt=\"\">\n\t\t\t<\/li>\n\t\t\t<li class=\"splide__slide\">\n      <img decoding=\"async\" src=\"https:\/\/polikarbonat.md\/wp-content\/themes\/sellex\/slide\/DIVERSE.jpg\" alt=\"\">\n\t\t\t<\/li>\n\t\t\t<li class=\"splide__slide\">\n      <img decoding=\"async\" src=\"https:\/\/polikarbonat.md\/wp-content\/themes\/sellex\/slide\/SHEETS.jpg\" alt=\"\">\n\t\t\t<\/li>\n\t\t<\/ul>\n  <\/div>\n<\/section>\n\n<section id=\"image-carousel-mobile\" class=\"splide\" aria-label=\"Slide Images\">\n  <div class=\"splide__track\">\n\t\t<ul class=\"splide__list\">\n\t\t\t<li class=\"splide__slide\">\n\t\t\t\t<img decoding=\"async\" src=\"https:\/\/polikarbonat.md\/wp-content\/themes\/sellex\/slide\/mobile\/mob_slide_1.jpg\" alt=\"\">\n\t\t\t<\/li>\n\t\t\t<li class=\"splide__slide\">\n\t\t\t\t<img decoding=\"async\" src=\"https:\/\/polikarbonat.md\/wp-content\/themes\/sellex\/slide\/mobile\/mob_slide_2.jpg\" alt=\"\">\n\t\t\t<\/li>\n\t\t\t<li class=\"splide__slide\">\n\t\t\t\t<img decoding=\"async\" src=\"https:\/\/polikarbonat.md\/wp-content\/themes\/sellex\/slide\/mobile\/mob_slide_3.jpg\" alt=\"\">\n\t\t\t<\/li>\n\t\t\t<li class=\"splide__slide\">\n\t\t\t\t<img decoding=\"async\" src=\"https:\/\/polikarbonat.md\/wp-content\/themes\/sellex\/slide\/mobile\/mob_slide_4.jpg\" alt=\"\">\n\t\t\t<\/li>\t\t\t\n\t\t\t<li class=\"splide__slide\">\n\t\t\t\t<img decoding=\"async\" src=\"https:\/\/polikarbonat.md\/wp-content\/themes\/sellex\/slide\/mobile\/mob_slide_5.jpg\" alt=\"\">\n\t\t\t<\/li>\n\t\t<\/ul>\n  <\/div>\n<\/section>\n\n\n\n\n\n<h1 class=\"wp-block-heading\">V\u00e2nz\u0103ri de materiale plastice<\/h1>\n\n\n\n<div class=\"wp-block-columns is-layout-flex wp-container-core-columns-is-layout-9d6595d7 wp-block-columns-is-layout-flex\">\n<div class=\"wp-block-column storefront-product-section storefront-product-categories is-layout-flow wp-block-column-is-layout-flow\">\n<div class=\"wp-block-columns is-layout-flex wp-container-core-columns-is-layout-9d6595d7 wp-block-columns-is-layout-flex\">\n<div class=\"wp-block-column is-layout-flow wp-block-column-is-layout-flow\">\n<h2 class=\"wp-block-heading section-title\">Categorii de m\u0103rfuri<\/h2>\n\n\n<div class=\"woocommerce columns-4\"><ul class=\"products columns-4\">\n<li class=\"product-category product first\">\n\t<span style=\"color: #150604;\" class=\"woocommerce-loop-product__title\"><strong>3mm<\/string><\/span><\/li>\n<li class=\"product-category product\">\n\t<span style=\"color: #150604;\" class=\"woocommerce-loop-product__title\"><strong>Materiale promo\u021bionale<\/string><\/span><\/li>\n<li class=\"product-category product\">\n\t<span style=\"color: #150604;\" class=\"woocommerce-loop-product__title\"><strong>Misc<\/string><\/span><\/li>\n<li class=\"product-category product last\">\n\t<span style=\"color: #150604;\" class=\"woocommerce-loop-product__title\"><strong>Policarbonat<\/string><\/span><\/li>\n<li class=\"product-category product first\">\n\t<span style=\"color: #150604;\" class=\"woocommerce-loop-product__title\"><strong>Sticl\u0103 organic\u0103 \u0219i plastic<\/string><\/span><\/li>\n<\/ul>\n<\/div>\n<\/div>\n<\/div>\n\n\n\n<h2 class=\"wp-block-heading section-title\">Produs recomandat<\/h2>\n\n\n<div data-block-name=\"woocommerce\/handpicked-products\" data-columns=\"4\" data-content-visibility=\"{&quot;image&quot;:true,&quot;title&quot;:true,&quot;price&quot;:true,&quot;rating&quot;:false,&quot;button&quot;:false}\" data-products=\"[1423,1422,1404,1327,1136,1135,1098,1287]\" class=\"wc-block-grid wp-block-handpicked-products wc-block-handpicked-products has-4-columns has-multiple-rows product-category product main-page-product\"><ul class=\"wc-block-grid__products\"><li class=\"wc-block-grid__product\">\n\t\t\t\t<a href=\"https:\/\/polikarbonat.md\/ro\/product\/blockout-textile-shirina-1-37\/\" class=\"wc-block-grid__product-link\">\n\t\t\t\t\t<div class=\"wc-block-grid__product-image\"><img loading=\"lazy\" decoding=\"async\" width=\"356\" height=\"356\" src=\"https:\/\/polikarbonat.md\/wp-content\/uploads\/2022\/12\/0149659001557492104-356x356.jpg\" class=\"attachment-woocommerce_thumbnail size-woocommerce_thumbnail\" alt=\"BLOCKOUT TEXTILE l\u0103\u021bime 1.37\" srcset=\"https:\/\/polikarbonat.md\/wp-content\/uploads\/2022\/12\/0149659001557492104-356x356.jpg 356w, https:\/\/polikarbonat.md\/wp-content\/uploads\/2022\/12\/0149659001557492104-300x300.jpg 300w, https:\/\/polikarbonat.md\/wp-content\/uploads\/2022\/12\/0149659001557492104-150x150.jpg 150w, https:\/\/polikarbonat.md\/wp-content\/uploads\/2022\/12\/0149659001557492104-12x12.jpg 12w, https:\/\/polikarbonat.md\/wp-content\/uploads\/2022\/12\/0149659001557492104-457x457.jpg 457w, https:\/\/polikarbonat.md\/wp-content\/uploads\/2022\/12\/0149659001557492104-100x100.jpg 100w, https:\/\/polikarbonat.md\/wp-content\/uploads\/2022\/12\/0149659001557492104.jpg 700w\" sizes=\"auto, (max-width: 356px) 100vw, 356px\" \/><\/div>\n\t\t\t\t\t<div class=\"wc-block-grid__product-title\">BLOCKOUT TEXTILE l\u0103\u021bime 1.37<\/div>\n\t\t\t\t<\/a>\n\t\t\t\t\n\t\t\t\t<div class=\"wc-block-grid__product-price price\"> <\/div>\n\t\t\t\t\n\t\t\t\t\n\t\t\t<\/li><li class=\"wc-block-grid__product\">\n\t\t\t\t<a href=\"https:\/\/polikarbonat.md\/ro\/product\/owv-kitaj-shirina-1-06-1-37-1-52\/\" class=\"wc-block-grid__product-link\">\n\t\t\t\t\t<div class=\"wc-block-grid__product-image\"><img loading=\"lazy\" decoding=\"async\" width=\"356\" height=\"356\" src=\"https:\/\/polikarbonat.md\/wp-content\/uploads\/2022\/12\/168999369-356x356.jpg\" class=\"attachment-woocommerce_thumbnail size-woocommerce_thumbnail\" alt=\"OWV (China) l\u0103\u021bime 1,06\/1,37\/1,52\" srcset=\"https:\/\/polikarbonat.md\/wp-content\/uploads\/2022\/12\/168999369-356x356.jpg 356w, https:\/\/polikarbonat.md\/wp-content\/uploads\/2022\/12\/168999369-300x300.jpg 300w, https:\/\/polikarbonat.md\/wp-content\/uploads\/2022\/12\/168999369-150x150.jpg 150w, https:\/\/polikarbonat.md\/wp-content\/uploads\/2022\/12\/168999369-12x12.jpg 12w, https:\/\/polikarbonat.md\/wp-content\/uploads\/2022\/12\/168999369-457x457.jpg 457w, https:\/\/polikarbonat.md\/wp-content\/uploads\/2022\/12\/168999369-100x100.jpg 100w, https:\/\/polikarbonat.md\/wp-content\/uploads\/2022\/12\/168999369.jpg 630w\" sizes=\"auto, (max-width: 356px) 100vw, 356px\" \/><\/div>\n\t\t\t\t\t<div class=\"wc-block-grid__product-title\">OWV (China) l\u0103\u021bime 1,06\/1,37\/1,52<\/div>\n\t\t\t\t<\/a>\n\t\t\t\t\n\t\t\t\t<div class=\"wc-block-grid__product-price price\"> <\/div>\n\t\t\t\t\n\t\t\t\t\n\t\t\t<\/li><li class=\"wc-block-grid__product\">\n\t\t\t\t<a href=\"https:\/\/polikarbonat.md\/ro\/product\/bannernaya-tkan-backlit-kitaj-3-2-50\/\" class=\"wc-block-grid__product-link\">\n\t\t\t\t\t<div class=\"wc-block-grid__product-image\"><img loading=\"lazy\" decoding=\"async\" width=\"356\" height=\"356\" src=\"https:\/\/polikarbonat.md\/wp-content\/uploads\/2022\/12\/660.970-356x356.jpg\" class=\"attachment-woocommerce_thumbnail size-woocommerce_thumbnail\" alt=\"Banner tesatura Backlit (China) 3,2*50\" srcset=\"https:\/\/polikarbonat.md\/wp-content\/uploads\/2022\/12\/660.970-356x356.jpg 356w, https:\/\/polikarbonat.md\/wp-content\/uploads\/2022\/12\/660.970-300x300.jpg 300w, https:\/\/polikarbonat.md\/wp-content\/uploads\/2022\/12\/660.970-150x150.jpg 150w, https:\/\/polikarbonat.md\/wp-content\/uploads\/2022\/12\/660.970-768x768.jpg 768w, https:\/\/polikarbonat.md\/wp-content\/uploads\/2022\/12\/660.970-12x12.jpg 12w, https:\/\/polikarbonat.md\/wp-content\/uploads\/2022\/12\/660.970-457x457.jpg 457w, https:\/\/polikarbonat.md\/wp-content\/uploads\/2022\/12\/660.970-100x100.jpg 100w, https:\/\/polikarbonat.md\/wp-content\/uploads\/2022\/12\/660.970.jpg 970w\" sizes=\"auto, (max-width: 356px) 100vw, 356px\" \/><\/div>\n\t\t\t\t\t<div class=\"wc-block-grid__product-title\">Banner tesatura Backlit (China) 3,2*50<\/div>\n\t\t\t\t<\/a>\n\t\t\t\t\n\t\t\t\t<div class=\"wc-block-grid__product-price price\"> <\/div>\n\t\t\t\t\n\t\t\t\t\n\t\t\t<\/li><li class=\"wc-block-grid__product\">\n\t\t\t\t<a href=\"https:\/\/polikarbonat.md\/ro\/product\/pvh-vspenennyj-evropa-3mm-2050-3050-belyj\/\" class=\"wc-block-grid__product-link\">\n\t\t\t\t\t<div class=\"wc-block-grid__product-image\"><img loading=\"lazy\" decoding=\"async\" width=\"356\" height=\"356\" src=\"https:\/\/polikarbonat.md\/wp-content\/uploads\/2022\/12\/Plastik-PVH-356x356.jpg\" class=\"attachment-woocommerce_thumbnail size-woocommerce_thumbnail\" alt=\"Placi PVC China 10MM*1220*2440 ALB\" srcset=\"https:\/\/polikarbonat.md\/wp-content\/uploads\/2022\/12\/Plastik-PVH-356x356.jpg 356w, https:\/\/polikarbonat.md\/wp-content\/uploads\/2022\/12\/Plastik-PVH-300x300.jpg 300w, https:\/\/polikarbonat.md\/wp-content\/uploads\/2022\/12\/Plastik-PVH-150x150.jpg 150w, https:\/\/polikarbonat.md\/wp-content\/uploads\/2022\/12\/Plastik-PVH-12x12.jpg 12w, https:\/\/polikarbonat.md\/wp-content\/uploads\/2022\/12\/Plastik-PVH-457x457.jpg 457w, https:\/\/polikarbonat.md\/wp-content\/uploads\/2022\/12\/Plastik-PVH-100x100.jpg 100w, https:\/\/polikarbonat.md\/wp-content\/uploads\/2022\/12\/Plastik-PVH.jpg 640w\" sizes=\"auto, (max-width: 356px) 100vw, 356px\" \/><\/div>\n\t\t\t\t\t<div class=\"wc-block-grid__product-title\">Placi PVC China 10MM*1220*2440 ALB<\/div>\n\t\t\t\t<\/a>\n\t\t\t\t\n\t\t\t\t<div class=\"wc-block-grid__product-price price\"> <\/div>\n\t\t\t\t\n\t\t\t\t\n\t\t\t<\/li><li class=\"wc-block-grid__product\">\n\t\t\t\t<a href=\"https:\/\/polikarbonat.md\/ro\/product\/orgsteklo-evropa-3mm-2050-3050-opal-beloe\/\" class=\"wc-block-grid__product-link\">\n\t\t\t\t\t<div class=\"wc-block-grid__product-image\"><img loading=\"lazy\" decoding=\"async\" width=\"356\" height=\"356\" src=\"https:\/\/polikarbonat.md\/wp-content\/uploads\/2022\/12\/white-356x356.jpg\" class=\"attachment-woocommerce_thumbnail size-woocommerce_thumbnail\" alt=\"Sticl\u0103 organic\u0103 Europa 3mm*2050*3050 opal (alb)\" srcset=\"https:\/\/polikarbonat.md\/wp-content\/uploads\/2022\/12\/white-356x356.jpg 356w, https:\/\/polikarbonat.md\/wp-content\/uploads\/2022\/12\/white-300x300.jpg 300w, https:\/\/polikarbonat.md\/wp-content\/uploads\/2022\/12\/white-150x150.jpg 150w, https:\/\/polikarbonat.md\/wp-content\/uploads\/2022\/12\/white-12x12.jpg 12w, https:\/\/polikarbonat.md\/wp-content\/uploads\/2022\/12\/white-457x457.jpg 457w, https:\/\/polikarbonat.md\/wp-content\/uploads\/2022\/12\/white-100x100.jpg 100w, https:\/\/polikarbonat.md\/wp-content\/uploads\/2022\/12\/white.jpg 600w\" sizes=\"auto, (max-width: 356px) 100vw, 356px\" \/><\/div>\n\t\t\t\t\t<div class=\"wc-block-grid__product-title\">Sticl\u0103 organic\u0103 Europa 3mm*2050*3050 opal (alb)<\/div>\n\t\t\t\t<\/a>\n\t\t\t\t\n\t\t\t\t<div class=\"wc-block-grid__product-price price\"> <\/div>\n\t\t\t\t\n\t\t\t\t\n\t\t\t<\/li><li class=\"wc-block-grid__product\">\n\t\t\t\t<a href=\"https:\/\/polikarbonat.md\/ro\/product\/soton-fix-10mm-2100-6000-prozrachnyj\/\" class=\"wc-block-grid__product-link\">\n\t\t\t\t\t<div class=\"wc-block-grid__product-image\"><img loading=\"lazy\" decoding=\"async\" width=\"356\" height=\"356\" src=\"https:\/\/polikarbonat.md\/wp-content\/uploads\/2022\/12\/polikarbonat-prozrachnyi--356x356.jpg\" class=\"attachment-woocommerce_thumbnail size-woocommerce_thumbnail\" alt=\"Policarbonat celular 10mm *2100*6000 transparent\" srcset=\"https:\/\/polikarbonat.md\/wp-content\/uploads\/2022\/12\/polikarbonat-prozrachnyi--356x356.jpg 356w, https:\/\/polikarbonat.md\/wp-content\/uploads\/2022\/12\/polikarbonat-prozrachnyi--300x300.jpg 300w, https:\/\/polikarbonat.md\/wp-content\/uploads\/2022\/12\/polikarbonat-prozrachnyi--150x150.jpg 150w, https:\/\/polikarbonat.md\/wp-content\/uploads\/2022\/12\/polikarbonat-prozrachnyi--768x768.jpg 768w, https:\/\/polikarbonat.md\/wp-content\/uploads\/2022\/12\/polikarbonat-prozrachnyi--12x12.jpg 12w, https:\/\/polikarbonat.md\/wp-content\/uploads\/2022\/12\/polikarbonat-prozrachnyi--457x457.jpg 457w, https:\/\/polikarbonat.md\/wp-content\/uploads\/2022\/12\/polikarbonat-prozrachnyi--100x100.jpg 100w, https:\/\/polikarbonat.md\/wp-content\/uploads\/2022\/12\/polikarbonat-prozrachnyi-.jpg 1000w\" sizes=\"auto, (max-width: 356px) 100vw, 356px\" \/><\/div>\n\t\t\t\t\t<div class=\"wc-block-grid__product-title\">Policarbonat celular 10mm *2100*6000 transparent<\/div>\n\t\t\t\t<\/a>\n\t\t\t\t\n\t\t\t\t<div class=\"wc-block-grid__product-price price\"><span class=\"woocommerce-Price-amount amount\">200,00&nbsp;<span class=\"woocommerce-Price-currencySymbol\">MDL<\/span><\/span> \/M2<\/div>\n\t\t\t\t\n\t\t\t\t\n\t\t\t<\/li><li class=\"wc-block-grid__product\">\n\t\t\t\t<a href=\"https:\/\/polikarbonat.md\/ro\/product\/soton-fix-10mm-2100-6000-bronzovyj\/\" class=\"wc-block-grid__product-link\">\n\t\t\t\t\t<div class=\"wc-block-grid__product-image\"><img loading=\"lazy\" decoding=\"async\" width=\"356\" height=\"356\" src=\"https:\/\/polikarbonat.md\/wp-content\/uploads\/2022\/12\/polikarbonat-bronza-356x356.jpg\" class=\"attachment-woocommerce_thumbnail size-woocommerce_thumbnail\" alt=\"Policarbonat alveolar bronz\" srcset=\"https:\/\/polikarbonat.md\/wp-content\/uploads\/2022\/12\/polikarbonat-bronza-356x356.jpg 356w, https:\/\/polikarbonat.md\/wp-content\/uploads\/2022\/12\/polikarbonat-bronza-300x300.jpg 300w, https:\/\/polikarbonat.md\/wp-content\/uploads\/2022\/12\/polikarbonat-bronza-150x150.jpg 150w, https:\/\/polikarbonat.md\/wp-content\/uploads\/2022\/12\/polikarbonat-bronza-768x768.jpg 768w, https:\/\/polikarbonat.md\/wp-content\/uploads\/2022\/12\/polikarbonat-bronza-12x12.jpg 12w, https:\/\/polikarbonat.md\/wp-content\/uploads\/2022\/12\/polikarbonat-bronza-457x457.jpg 457w, https:\/\/polikarbonat.md\/wp-content\/uploads\/2022\/12\/polikarbonat-bronza-100x100.jpg 100w, https:\/\/polikarbonat.md\/wp-content\/uploads\/2022\/12\/polikarbonat-bronza.jpg 1000w\" sizes=\"auto, (max-width: 356px) 100vw, 356px\" \/><\/div>\n\t\t\t\t\t<div class=\"wc-block-grid__product-title\">Policarbonat celular 10mm *2100*6000 bronz<\/div>\n\t\t\t\t<\/a>\n\t\t\t\t\n\t\t\t\t<div class=\"wc-block-grid__product-price price\"><span class=\"woocommerce-Price-amount amount\">200,00&nbsp;<span class=\"woocommerce-Price-currencySymbol\">MDL<\/span><\/span> \/M2<\/div>\n\t\t\t\t\n\t\t\t\t\n\t\t\t<\/li><li class=\"wc-block-grid__product\">\n\t\t\t\t<a href=\"https:\/\/polikarbonat.md\/ro\/product\/monolitnyj-polikarbonat-4mm-2050-6100-prozrachnyj\/\" class=\"wc-block-grid__product-link\">\n\t\t\t\t\t<div class=\"wc-block-grid__product-image\"><img loading=\"lazy\" decoding=\"async\" width=\"356\" height=\"356\" src=\"https:\/\/polikarbonat.md\/wp-content\/uploads\/2022\/12\/monolit-trans-356x356.jpg\" class=\"attachment-woocommerce_thumbnail size-woocommerce_thumbnail\" alt=\"Policarbonat Monolitic transparent\" srcset=\"https:\/\/polikarbonat.md\/wp-content\/uploads\/2022\/12\/monolit-trans-356x356.jpg 356w, https:\/\/polikarbonat.md\/wp-content\/uploads\/2022\/12\/monolit-trans-300x300.jpg 300w, https:\/\/polikarbonat.md\/wp-content\/uploads\/2022\/12\/monolit-trans-150x150.jpg 150w, https:\/\/polikarbonat.md\/wp-content\/uploads\/2022\/12\/monolit-trans-768x768.jpg 768w, https:\/\/polikarbonat.md\/wp-content\/uploads\/2022\/12\/monolit-trans-12x12.jpg 12w, https:\/\/polikarbonat.md\/wp-content\/uploads\/2022\/12\/monolit-trans-457x457.jpg 457w, https:\/\/polikarbonat.md\/wp-content\/uploads\/2022\/12\/monolit-trans-100x100.jpg 100w, https:\/\/polikarbonat.md\/wp-content\/uploads\/2022\/12\/monolit-trans.jpg 1000w\" sizes=\"auto, (max-width: 356px) 100vw, 356px\" \/><\/div>\n\t\t\t\t\t<div class=\"wc-block-grid__product-title\">Policarbonat monolitic 4mm*2050*6100, transparent<\/div>\n\t\t\t\t<\/a>\n\t\t\t\t\n\t\t\t\t<div class=\"wc-block-grid__product-price price\"><span class=\"woocommerce-Price-amount amount\">640,00&nbsp;<span class=\"woocommerce-Price-currencySymbol\">MDL<\/span><\/span> \/M2<\/div>\n\t\t\t\t\n\t\t\t\t\n\t\t\t<\/li><\/ul><\/div><\/div>\n<\/div>\n\n\n\n<div class=\"wp-block-columns storefront-product-section is-layout-flex wp-container-core-columns-is-layout-9d6595d7 wp-block-columns-is-layout-flex\">\n<div class=\"wp-block-column is-layout-flow wp-block-column-is-layout-flow\">\n<h2 class=\"wp-block-heading section-title\">Parteneri<\/h2>\n\n\n  <section id=\"partners-carousel\" class=\"splide\" aria-label=\"Partners Images\">\n    <div class=\"splide__track\">\n      <ul class=\"splide__list\">\n                <li class=\"splide__slide\">\n          <div class=\"slider-wrap\">\n            <div class=\"img\">\n              <img decoding=\"async\" src=\"https:\/\/polikarbonat.md\/wp-content\/themes\/sellex\/partners\/2023\/Avery Dennison.jpg\" alt=\"\">\n            <\/div>\n        <\/li>\n                <li class=\"splide__slide\">\n          <div class=\"slider-wrap\">\n            <div class=\"img\">\n              <img decoding=\"async\" src=\"https:\/\/polikarbonat.md\/wp-content\/themes\/sellex\/partners\/2023\/Dencop Lighting.jpg\" alt=\"\">\n            <\/div>\n        <\/li>\n                <li class=\"splide__slide\">\n          <div class=\"slider-wrap\">\n            <div class=\"img\">\n              <img decoding=\"async\" src=\"https:\/\/polikarbonat.md\/wp-content\/themes\/sellex\/partners\/2023\/Ikonos.jpg\" alt=\"\">\n            <\/div>\n        <\/li>\n                <li class=\"splide__slide\">\n          <div class=\"slider-wrap\">\n            <div class=\"img\">\n              <img decoding=\"async\" src=\"https:\/\/polikarbonat.md\/wp-content\/themes\/sellex\/partners\/2023\/Irpen.jpg\" alt=\"\">\n            <\/div>\n        <\/li>\n                <li class=\"splide__slide\">\n          <div class=\"slider-wrap\">\n            <div class=\"img\">\n              <img decoding=\"async\" src=\"https:\/\/polikarbonat.md\/wp-content\/themes\/sellex\/partners\/2023\/K-2022-Isik-Plastik-A.S.-Exhibitor-base-data-k2022.2680105-ZIrLKhzVS7iBYsZaJ0aGLQ.jpg\" alt=\"\">\n            <\/div>\n        <\/li>\n                <li class=\"splide__slide\">\n          <div class=\"slider-wrap\">\n            <div class=\"img\">\n              <img decoding=\"async\" src=\"https:\/\/polikarbonat.md\/wp-content\/themes\/sellex\/partners\/2023\/logo-mouse-bg_white.jpg\" alt=\"\">\n            <\/div>\n        <\/li>\n                <li class=\"splide__slide\">\n          <div class=\"slider-wrap\">\n            <div class=\"img\">\n              <img decoding=\"async\" src=\"https:\/\/polikarbonat.md\/wp-content\/themes\/sellex\/partners\/2023\/Mactac.jpg\" alt=\"\">\n            <\/div>\n        <\/li>\n                <li class=\"splide__slide\">\n          <div class=\"slider-wrap\">\n            <div class=\"img\">\n              <img decoding=\"async\" src=\"https:\/\/polikarbonat.md\/wp-content\/themes\/sellex\/partners\/2023\/Nudec.jpg\" alt=\"\">\n            <\/div>\n        <\/li>\n                <li class=\"splide__slide\">\n          <div class=\"slider-wrap\">\n            <div class=\"img\">\n              <img decoding=\"async\" src=\"https:\/\/polikarbonat.md\/wp-content\/themes\/sellex\/partners\/2023\/Sellex.jpg\" alt=\"\">\n            <\/div>\n        <\/li>\n                <li class=\"splide__slide\">\n          <div class=\"slider-wrap\">\n            <div class=\"img\">\n              <img decoding=\"async\" src=\"https:\/\/polikarbonat.md\/wp-content\/themes\/sellex\/partners\/2023\/Simona.jpg\" alt=\"\">\n            <\/div>\n        <\/li>\n                <li class=\"splide__slide\">\n          <div class=\"slider-wrap\">\n            <div class=\"img\">\n              <img decoding=\"async\" src=\"https:\/\/polikarbonat.md\/wp-content\/themes\/sellex\/partners\/2023\/soton.jpg\" alt=\"\">\n            <\/div>\n        <\/li>\n                <li class=\"splide__slide\">\n          <div class=\"slider-wrap\">\n            <div class=\"img\">\n              <img decoding=\"async\" src=\"https:\/\/polikarbonat.md\/wp-content\/themes\/sellex\/partners\/2023\/Ug-oil plast.jpg\" alt=\"\">\n            <\/div>\n        <\/li>\n                <li class=\"splide__slide\">\n          <div class=\"slider-wrap\">\n            <div class=\"img\">\n              <img decoding=\"async\" src=\"https:\/\/polikarbonat.md\/wp-content\/themes\/sellex\/partners\/2023\/vspenennyj-pvh-unext1.jpg\" alt=\"\">\n            <\/div>\n        <\/li>\n              <\/ul>\n    <\/div>\n  <\/section>\n  \n<\/div>\n<\/div>\n\n\n\n<div class=\"wp-block-columns are-vertically-aligned-center is-layout-flex wp-container-core-columns-is-layout-9d6595d7 wp-block-columns-is-layout-flex\">\n<div class=\"wp-block-column is-vertically-aligned-center is-layout-flow wp-block-column-is-layout-flow\" style=\"flex-basis:100%\">\n<div class=\"wp-block-columns alignwide are-vertically-aligned-center map_form_container is-layout-flex wp-container-core-columns-is-layout-9d6595d7 wp-block-columns-is-layout-flex\">\n<div class=\"wp-block-column is-vertically-aligned-center is-layout-flow wp-block-column-is-layout-flow\" style=\"flex-basis:66.66%\"><section id=\"main-map\" aria-label=\"maps\">\n  <iframe src=\"https:\/\/www.google.com\/maps\/embed?pb=!1m14!1m8!1m3!1d21769.320842188772!2d28.7790729!3d46.997731!3m2!1i1024!2i768!4f13.1!3m3!1m2!1s0x0%3A0x8a4971f6140b3f3b!2sUniverstrans%20SRL!5e0!3m2!1sru!2s!4v1659011945331!5m2!1sru!2s\" width=\"100%\" height=\"550\" style=\"border:0;\" allowfullscreen=\"\" loading=\"lazy\" referrerpolicy=\"no-referrer-when-downgrade\"><\/iframe>\n<\/section>\n\n<\/div>\n\n\n\n<div class=\"wp-block-column is-vertically-aligned-center is-layout-flow wp-block-column-is-layout-flow\"><\/div>\n\n\n\n<div class=\"wp-block-column is-vertically-aligned-center is-layout-flow wp-block-column-is-layout-flow\" style=\"flex-basis:33.33%\">\n<div class=\"wp-block-buttons is-layout-flex wp-block-buttons-is-layout-flex\">\n<div class=\"wp-block-button popmake-520\"><a class=\"wp-block-button__link wp-element-button\">\u041e\u0441\u0442\u0430\u0432\u0438\u0442\u044c \u0437\u0430\u044f\u0432\u043a\u0443<\/a><\/div>\n<\/div>\n\n\n\n<div class=\"wp-block-columns is-layout-flex wp-container-core-columns-is-layout-9d6595d7 wp-block-columns-is-layout-flex\">\n<div class=\"wp-block-column btn_container is-layout-flow wp-block-column-is-layout-flow\">\n<div class=\"wp-block-buttons is-layout-flex wp-block-buttons-is-layout-flex\"><\/div>\n<\/div>\n<\/div>\n\n\n\n<div class=\"wp-block-group\"><div class=\"wp-block-group__inner-container is-layout-flow wp-block-group-is-layout-flow\">\n<p><strong>Contacta\u021bi<\/strong><a href=\"tel:+37368350450\">:<br>+37368350450<\/a> <a href=\"tel:+37369000124\"><br>+37369000124<\/a> <br><a href=\"mailto:manager@depozone.md\">manager@depozone.md<br><\/a><a href=\"https:\/\/goo.gl\/maps\/JBzmpvwAtqgxEEJd8\" rel=\"nofollow noopener\" target=\"_blank\"><a href=\"https:\/\/goo.gl\/maps\/JBzmpvwAtqgxEEJd8\" rel=\"nofollow noopener\" target=\"_blank\">\u00a0Chisinau, sos. Hincesti, 140\/1<\/a><\/a><br>9:00 &#8211; 17:00 (luni &#8211; Vineri)<br>9:00 &#8211; 13:00 (S\u00e2mb\u0103t\u0103)<\/p>\n<\/div><\/div>\n\n\n\n<p><strong>Sunati. Putem sa ne retinem daca e necesar.<\/strong><\/p>\n<\/div>\n<\/div>\n<\/div>\n<\/div>\n","protected":false},"excerpt":{"rendered":"<p>V\u00e2nz\u0103ri de materiale plastice Categorii de m\u0103rfuri Produs recomandat Parteneri Contacta\u021bi:+37368350450 +37369000124 manager@depozone.md\u00a0Chisinau, sos. Hincesti, 140\/19:00 &#8211; 17:00 (luni &#8211; Vineri)9:00 &#8211; 13:00 (S\u00e2mb\u0103t\u0103) Sunati. Putem sa ne retinem daca e necesar.<\/p>\n","protected":false},"author":1,"featured_media":0,"parent":0,"menu_order":0,"comment_status":"closed","ping_status":"closed","template":"template-fullwidth.php","meta":{"footnotes":""},"class_list":["post-1918","page","type-page","status-publish","hentry"],"acf":[],"_links":{"self":[{"href":"https:\/\/polikarbonat.md\/ro\/wp-json\/wp\/v2\/pages\/1918","targetHints":{"allow":["GET"]}}],"collection":[{"href":"https:\/\/polikarbonat.md\/ro\/wp-json\/wp\/v2\/pages"}],"about":[{"href":"https:\/\/polikarbonat.md\/ro\/wp-json\/wp\/v2\/types\/page"}],"author":[{"embeddable":true,"href":"https:\/\/polikarbonat.md\/ro\/wp-json\/wp\/v2\/users\/1"}],"replies":[{"embeddable":true,"href":"https:\/\/polikarbonat.md\/ro\/wp-json\/wp\/v2\/comments?post=1918"}],"version-history":[{"count":4,"href":"https:\/\/polikarbonat.md\/ro\/wp-json\/wp\/v2\/pages\/1918\/revisions"}],"predecessor-version":[{"id":2646,"href":"https:\/\/polikarbonat.md\/ro\/wp-json\/wp\/v2\/pages\/1918\/revisions\/2646"}],"wp:attachment":[{"href":"https:\/\/polikarbonat.md\/ro\/wp-json\/wp\/v2\/media?parent=1918"}],"curies":[{"name":"wp","href":"https:\/\/api.w.org\/{rel}","templated":true}]}}