{"id":1952,"date":"2023-01-11T16:27:35","date_gmt":"2023-01-11T13:27:35","guid":{"rendered":"https:\/\/polikarbonat.md\/product\/tsennikoderzhatel-dlya-krepleniya-na-polki-i-korziny-iz-prutev\/"},"modified":"2026-04-24T12:39:08","modified_gmt":"2026-04-24T09:39:08","slug":"tsennikoderzhatel-dlya-krepleniya-na-polki-i-korziny-iz-prutev","status":"publish","type":"product","link":"https:\/\/polikarbonat.md\/ro\/product\/tsennikoderzhatel-dlya-krepleniya-na-polki-i-korziny-iz-prutev\/","title":{"rendered":"Suport pentru etichete destinat fix\u0103rii pe rafturi \u0219i co\u0219uri din nuiele"},"content":{"rendered":"","protected":false},"excerpt":{"rendered":"<p>Se fixeaz\u0103 pe margine. Poate fi utilizat sub form\u0103 de segmente scurte de lungimea necesar\u0103 sau sub form\u0103 de profil lung, montat pe toat\u0103 lungimea. <\/p>\n<p>\u00cen\u0103l\u021bime \u2014 39 mm.<br \/>\nLungime \u2014 1000 mm.<\/p>\n<p>Culoare: <img loading=\"lazy\" decoding=\"async\" class=\"size-full wp-image-1473 alignnone\" style=\"display: inline-block;\" src=\"https:\/\/2022.policarbonat.md\/wp-content\/uploads\/2022\/12\/tr-color-16x10-1.jpg\" alt=\"\" width=\"26\" height=\"16\"><\/p>\n<p>Cod articol: 051<\/p>\n","protected":false},"featured_media":1954,"template":"","meta":[],"product_cat":[101,102,115,116],"product_tag":[],"class_list":["post-1952","product","type-product","status-publish","has-post-thumbnail","hentry","product_cat-reklamnye-materialy-ro","product_cat-pos-materialy-ro","product_cat-polochnye-tsennikoderzhateli-ro","product_cat-tsennikoderzhateli-ro"],"acf":[],"_links":{"self":[{"href":"https:\/\/polikarbonat.md\/ro\/wp-json\/wp\/v2\/product\/1952","targetHints":{"allow":["GET"]}}],"collection":[{"href":"https:\/\/polikarbonat.md\/ro\/wp-json\/wp\/v2\/product"}],"about":[{"href":"https:\/\/polikarbonat.md\/ro\/wp-json\/wp\/v2\/types\/product"}],"wp:featuredmedia":[{"embeddable":true,"href":"https:\/\/polikarbonat.md\/ro\/wp-json\/wp\/v2\/media\/1954"}],"wp:attachment":[{"href":"https:\/\/polikarbonat.md\/ro\/wp-json\/wp\/v2\/media?parent=1952"}],"wp:term":[{"taxonomy":"product_cat","embeddable":true,"href":"https:\/\/polikarbonat.md\/ro\/wp-json\/wp\/v2\/product_cat?post=1952"},{"taxonomy":"product_tag","embeddable":true,"href":"https:\/\/polikarbonat.md\/ro\/wp-json\/wp\/v2\/product_tag?post=1952"}],"curies":[{"name":"wp","href":"https:\/\/api.w.org\/{rel}","templated":true}]}}