{"id":1955,"date":"2023-01-11T16:26:11","date_gmt":"2023-01-11T13:26:11","guid":{"rendered":"https:\/\/polikarbonat.md\/product\/tsennikoderzhatel-dlya-krepleniya-na-korziny-iz-prutev\/"},"modified":"2026-04-24T12:44:38","modified_gmt":"2026-04-24T09:44:38","slug":"tsennikoderzhatel-dlya-krepleniya-na-korziny-iz-prutev","status":"publish","type":"product","link":"https:\/\/polikarbonat.md\/ro\/product\/tsennikoderzhatel-dlya-krepleniya-na-korziny-iz-prutev\/","title":{"rendered":"Suport pentru etichete destinat fix\u0103rii pe co\u0219uri din r\u0103chit\u0103"},"content":{"rendered":"","protected":false},"excerpt":{"rendered":"<p>Destinat fix\u0103rii pe co\u0219uri \u0219i suporturi din s\u00e2rm\u0103 metalic\u0103 cu grosimea de 4-8 mm.<br \/>Unghiul de \u00eenclinare al etichetei fa\u021b\u0103 de cap\u0103tul raftului \u2013 25\u00b0.<br \/>\n\u00cen\u0103l\u021bime \u2013 39 mm.<br \/>\nLungime \u2013 1000 mm.<\/p>\n<p>Culoarea: <img loading=\"lazy\" decoding=\"async\" class=\"size-full wp-image-1473 alignnone\" style=\"display: inline-block;\" src=\"https:\/\/2022.policarbonat.md\/wp-content\/uploads\/2022\/12\/tr-color-16x10-1.jpg\" alt=\"\" width=\"26\" height=\"16\"><\/p>\n<p>Cod articol: 050<\/p>\n","protected":false},"featured_media":1956,"template":"","meta":[],"product_cat":[101,102,115,116],"product_tag":[],"class_list":["post-1955","product","type-product","status-publish","has-post-thumbnail","hentry","product_cat-reklamnye-materialy-ro","product_cat-pos-materialy-ro","product_cat-polochnye-tsennikoderzhateli-ro","product_cat-tsennikoderzhateli-ro"],"acf":[],"_links":{"self":[{"href":"https:\/\/polikarbonat.md\/ro\/wp-json\/wp\/v2\/product\/1955","targetHints":{"allow":["GET"]}}],"collection":[{"href":"https:\/\/polikarbonat.md\/ro\/wp-json\/wp\/v2\/product"}],"about":[{"href":"https:\/\/polikarbonat.md\/ro\/wp-json\/wp\/v2\/types\/product"}],"wp:featuredmedia":[{"embeddable":true,"href":"https:\/\/polikarbonat.md\/ro\/wp-json\/wp\/v2\/media\/1956"}],"wp:attachment":[{"href":"https:\/\/polikarbonat.md\/ro\/wp-json\/wp\/v2\/media?parent=1955"}],"wp:term":[{"taxonomy":"product_cat","embeddable":true,"href":"https:\/\/polikarbonat.md\/ro\/wp-json\/wp\/v2\/product_cat?post=1955"},{"taxonomy":"product_tag","embeddable":true,"href":"https:\/\/polikarbonat.md\/ro\/wp-json\/wp\/v2\/product_tag?post=1955"}],"curies":[{"name":"wp","href":"https:\/\/api.w.org\/{rel}","templated":true}]}}