{"id":1963,"date":"2023-01-11T15:00:39","date_gmt":"2023-01-11T12:00:39","guid":{"rendered":"https:\/\/polikarbonat.md\/product\/kasseta-dlya-tsen-formata-a8\/"},"modified":"2023-05-27T13:28:35","modified_gmt":"2023-05-27T10:28:35","slug":"kasseta-dlya-tsen-formata-a8","status":"publish","type":"product","link":"https:\/\/polikarbonat.md\/ro\/product\/kasseta-dlya-tsen-formata-a8\/","title":{"rendered":"CASETA DE PRE\u021a A8"},"content":{"rendered":"","protected":false},"excerpt":{"rendered":"<p>Caset\u0103 \u00een format A8. Trebuie utilizat\u0103 cu elemente de fixare.<\/p>\n<p>Partea din spate a casetei are elemente pentru accesoriile de fixare din seria MINI.<br \/>\nDimensiuni 60mm x 87mm<\/p>\n<p>Num\u0103rul articolului: 047<\/p>\n","protected":false},"featured_media":1964,"template":"","meta":[],"product_cat":[102,101,117],"product_tag":[],"class_list":["post-1963","product","type-product","status-publish","has-post-thumbnail","hentry","product_cat-pos-materialy-ro","product_cat-reklamnye-materialy-ro","product_cat-derzhateli-tsennikov-ro"],"acf":[],"_links":{"self":[{"href":"https:\/\/polikarbonat.md\/ro\/wp-json\/wp\/v2\/product\/1963","targetHints":{"allow":["GET"]}}],"collection":[{"href":"https:\/\/polikarbonat.md\/ro\/wp-json\/wp\/v2\/product"}],"about":[{"href":"https:\/\/polikarbonat.md\/ro\/wp-json\/wp\/v2\/types\/product"}],"wp:featuredmedia":[{"embeddable":true,"href":"https:\/\/polikarbonat.md\/ro\/wp-json\/wp\/v2\/media\/1964"}],"wp:attachment":[{"href":"https:\/\/polikarbonat.md\/ro\/wp-json\/wp\/v2\/media?parent=1963"}],"wp:term":[{"taxonomy":"product_cat","embeddable":true,"href":"https:\/\/polikarbonat.md\/ro\/wp-json\/wp\/v2\/product_cat?post=1963"},{"taxonomy":"product_tag","embeddable":true,"href":"https:\/\/polikarbonat.md\/ro\/wp-json\/wp\/v2\/product_tag?post=1963"}],"curies":[{"name":"wp","href":"https:\/\/api.w.org\/{rel}","templated":true}]}}