{"id":1965,"date":"2023-01-11T14:59:40","date_gmt":"2023-01-11T11:59:40","guid":{"rendered":"https:\/\/polikarbonat.md\/product\/kasseta-dlya-tsen-formata-a7\/"},"modified":"2023-05-27T13:35:56","modified_gmt":"2023-05-27T10:35:56","slug":"kasseta-dlya-tsen-formata-a7","status":"publish","type":"product","link":"https:\/\/polikarbonat.md\/ro\/product\/kasseta-dlya-tsen-formata-a7\/","title":{"rendered":"Caset\u0103 de pre\u021b de dimensiune A7"},"content":{"rendered":"","protected":false},"excerpt":{"rendered":"<p>Caset\u0103 de pre\u021buri \u00een format A7. Caset\u0103 de format A7. Trebuie utilizat\u0103 cu elemente de fixare.<br \/>\nPartea din spate a casetei con\u021bine elemente pentru accesoriile de fixare din seria MINI.<\/p>\n<p>Num\u0103rul articolului: 046<\/p>\n","protected":false},"featured_media":1964,"template":"","meta":[],"product_cat":[102,101,117],"product_tag":[],"class_list":["post-1965","product","type-product","status-publish","has-post-thumbnail","hentry","product_cat-pos-materialy-ro","product_cat-reklamnye-materialy-ro","product_cat-derzhateli-tsennikov-ro"],"acf":[],"_links":{"self":[{"href":"https:\/\/polikarbonat.md\/ro\/wp-json\/wp\/v2\/product\/1965","targetHints":{"allow":["GET"]}}],"collection":[{"href":"https:\/\/polikarbonat.md\/ro\/wp-json\/wp\/v2\/product"}],"about":[{"href":"https:\/\/polikarbonat.md\/ro\/wp-json\/wp\/v2\/types\/product"}],"wp:featuredmedia":[{"embeddable":true,"href":"https:\/\/polikarbonat.md\/ro\/wp-json\/wp\/v2\/media\/1964"}],"wp:attachment":[{"href":"https:\/\/polikarbonat.md\/ro\/wp-json\/wp\/v2\/media?parent=1965"}],"wp:term":[{"taxonomy":"product_cat","embeddable":true,"href":"https:\/\/polikarbonat.md\/ro\/wp-json\/wp\/v2\/product_cat?post=1965"},{"taxonomy":"product_tag","embeddable":true,"href":"https:\/\/polikarbonat.md\/ro\/wp-json\/wp\/v2\/product_tag?post=1965"}],"curies":[{"name":"wp","href":"https:\/\/api.w.org\/{rel}","templated":true}]}}