{"id":1969,"date":"2023-01-11T14:49:32","date_gmt":"2023-01-11T11:49:32","guid":{"rendered":"https:\/\/polikarbonat.md\/product\/tsennikoderzhatel-igolka-s-prishhepkoj\/"},"modified":"2026-04-24T12:29:30","modified_gmt":"2026-04-24T09:29:30","slug":"tsennikoderzhatel-igolka-s-prishhepkoj","status":"publish","type":"product","link":"https:\/\/polikarbonat.md\/ro\/product\/tsennikoderzhatel-igolka-s-prishhepkoj\/","title":{"rendered":"Suport pentru etichete &#8211; Ac cu agraf\u0103"},"content":{"rendered":"","protected":false},"excerpt":{"rendered":"<p>Este extrem de u\u0219or de utilizat \u2013 se fixeaz\u0103 pur \u0219i simplu \u00een produs.<br \/>Articula\u021bia asigur\u0103 flexibilitate \u00een reglarea unghiului de \u00eenclinare al etichetei de pre\u021b.<br \/>\nGrosimea maxim\u0103 a etichetei de pre\u021b este de 10 mm.<br \/>\n\u00cen\u0103l\u021bimea piciorului este de 100 mm.<\/p>\n<p>Culoarea: <img loading=\"lazy\" decoding=\"async\" class=\"size-full wp-image-1473 alignnone\" style=\"display: inline-block;\" src=\"https:\/\/2022.policarbonat.md\/wp-content\/uploads\/2022\/12\/tr-color-16x10-1.jpg\" alt=\"\" width=\"26\" height=\"16\"><\/p>\n<p>Cod articol: 044<\/p>\n","protected":false},"featured_media":1971,"template":"","meta":[],"product_cat":[101,102,117],"product_tag":[],"class_list":["post-1969","product","type-product","status-publish","has-post-thumbnail","hentry","product_cat-reklamnye-materialy-ro","product_cat-pos-materialy-ro","product_cat-derzhateli-tsennikov-ro"],"acf":[],"_links":{"self":[{"href":"https:\/\/polikarbonat.md\/ro\/wp-json\/wp\/v2\/product\/1969","targetHints":{"allow":["GET"]}}],"collection":[{"href":"https:\/\/polikarbonat.md\/ro\/wp-json\/wp\/v2\/product"}],"about":[{"href":"https:\/\/polikarbonat.md\/ro\/wp-json\/wp\/v2\/types\/product"}],"wp:featuredmedia":[{"embeddable":true,"href":"https:\/\/polikarbonat.md\/ro\/wp-json\/wp\/v2\/media\/1971"}],"wp:attachment":[{"href":"https:\/\/polikarbonat.md\/ro\/wp-json\/wp\/v2\/media?parent=1969"}],"wp:term":[{"taxonomy":"product_cat","embeddable":true,"href":"https:\/\/polikarbonat.md\/ro\/wp-json\/wp\/v2\/product_cat?post=1969"},{"taxonomy":"product_tag","embeddable":true,"href":"https:\/\/polikarbonat.md\/ro\/wp-json\/wp\/v2\/product_tag?post=1969"}],"curies":[{"name":"wp","href":"https:\/\/api.w.org\/{rel}","templated":true}]}}