{"id":1984,"date":"2023-01-11T13:00:14","date_gmt":"2023-01-11T10:00:14","guid":{"rendered":"https:\/\/polikarbonat.md\/product\/universalnyj-tsennikoderzhatel-na-prishhepke\/"},"modified":"2026-04-24T10:22:39","modified_gmt":"2026-04-24T07:22:39","slug":"universalnyj-tsennikoderzhatel-na-prishhepke","status":"publish","type":"product","link":"https:\/\/polikarbonat.md\/ro\/product\/universalnyj-tsennikoderzhatel-na-prishhepke\/","title":{"rendered":"Suport universal pentru etichete cu clem\u0103"},"content":{"rendered":"","protected":false},"excerpt":{"rendered":"<p>Se fixeaz\u0103 pe cap\u0103tul raftului, pe un co\u0219 cu grosimea de p\u00e2n\u0103 la 25 mm<\/p>\n<p>\u00cen cazul mont\u0103rii pe \u021beav\u0103 \u2014 diametrul maxim al \u021bevii \u2014 32 mm.<br \/>\nL\u0103\u021bimea suportului pentru etichet\u0103 \u2014 50 mm.<br \/>\nDou\u0103 variante de \u00een\u0103l\u021bime a piciorului \u2014 0 mm \u0219i 50 mm.<\/p>\n<p>Culoarea: <img loading=\"lazy\" decoding=\"async\" class=\"size-full wp-image-1473 alignnone\" style=\"display: inline-block;\" src=\"https:\/\/2022.policarbonat.md\/wp-content\/uploads\/2022\/12\/tr-color-16x10-1.jpg\" alt=\"\" width=\"26\" height=\"16\"><\/p>\n<p>Cod articol: 036\/037<\/p>\n","protected":false},"featured_media":1986,"template":"","meta":[],"product_cat":[101,102,117],"product_tag":[],"class_list":["post-1984","product","type-product","status-publish","has-post-thumbnail","hentry","product_cat-reklamnye-materialy-ro","product_cat-pos-materialy-ro","product_cat-derzhateli-tsennikov-ro"],"acf":[],"_links":{"self":[{"href":"https:\/\/polikarbonat.md\/ro\/wp-json\/wp\/v2\/product\/1984","targetHints":{"allow":["GET"]}}],"collection":[{"href":"https:\/\/polikarbonat.md\/ro\/wp-json\/wp\/v2\/product"}],"about":[{"href":"https:\/\/polikarbonat.md\/ro\/wp-json\/wp\/v2\/types\/product"}],"wp:featuredmedia":[{"embeddable":true,"href":"https:\/\/polikarbonat.md\/ro\/wp-json\/wp\/v2\/media\/1986"}],"wp:attachment":[{"href":"https:\/\/polikarbonat.md\/ro\/wp-json\/wp\/v2\/media?parent=1984"}],"wp:term":[{"taxonomy":"product_cat","embeddable":true,"href":"https:\/\/polikarbonat.md\/ro\/wp-json\/wp\/v2\/product_cat?post=1984"},{"taxonomy":"product_tag","embeddable":true,"href":"https:\/\/polikarbonat.md\/ro\/wp-json\/wp\/v2\/product_tag?post=1984"}],"curies":[{"name":"wp","href":"https:\/\/api.w.org\/{rel}","templated":true}]}}