{"id":2052,"date":"2022-12-27T17:36:10","date_gmt":"2022-12-27T14:36:10","guid":{"rendered":"https:\/\/polikarbonat.md\/product\/trubka-alyuminievaya-teleskopicheskaya-2\/"},"modified":"2026-04-24T16:03:19","modified_gmt":"2026-04-24T13:03:19","slug":"trubka-alyuminievaya-teleskopicheskaya-2","status":"publish","type":"product","link":"https:\/\/polikarbonat.md\/ro\/product\/trubka-alyuminievaya-teleskopicheskaya-2\/","title":{"rendered":"\u021aeav\u0103 telescopic\u0103 din aluminiu"},"content":{"rendered":"","protected":false},"excerpt":{"rendered":"<p>Tub telescopic din aluminiu cu baz\u0103 metalic\u0103.<br \/>Lungimea tubului este reglabil\u0103 \u00eentre 350 \u0219i 550 mm.<br \/>\nDiametru inferior: 12 mm<br \/>\nDiametru superior: 9 mm<br \/>\n(se poate monta un adaptor pentru diametrul de 10 mm)<br \/>\nAlte lungimi \u2013 la cerere<\/p>\n<p>Culoarea: <img loading=\"lazy\" decoding=\"async\" class=\"size-full wp-image-1473 alignnone\" style=\"display: inline-block;\" src=\"https:\/\/2022.policarbonat.md\/wp-content\/uploads\/2022\/12\/si-color-16x10-1.jpg\" alt=\"\" width=\"26\" height=\"16\"><\/p>\n<p>Cod articol: 005<\/p>\n","protected":false},"featured_media":2053,"template":"","meta":[],"product_cat":[174,102,119,121],"product_tag":[],"class_list":["post-2052","product","type-product","status-publish","has-post-thumbnail","hentry","product_cat-misc-ro","product_cat-pos-materialy-ro","product_cat-plastikovye-ramki-i-aksessuary-ro","product_cat-trubki-i-derzhateli-ramok-ro"],"acf":[],"_links":{"self":[{"href":"https:\/\/polikarbonat.md\/ro\/wp-json\/wp\/v2\/product\/2052","targetHints":{"allow":["GET"]}}],"collection":[{"href":"https:\/\/polikarbonat.md\/ro\/wp-json\/wp\/v2\/product"}],"about":[{"href":"https:\/\/polikarbonat.md\/ro\/wp-json\/wp\/v2\/types\/product"}],"wp:featuredmedia":[{"embeddable":true,"href":"https:\/\/polikarbonat.md\/ro\/wp-json\/wp\/v2\/media\/2053"}],"wp:attachment":[{"href":"https:\/\/polikarbonat.md\/ro\/wp-json\/wp\/v2\/media?parent=2052"}],"wp:term":[{"taxonomy":"product_cat","embeddable":true,"href":"https:\/\/polikarbonat.md\/ro\/wp-json\/wp\/v2\/product_cat?post=2052"},{"taxonomy":"product_tag","embeddable":true,"href":"https:\/\/polikarbonat.md\/ro\/wp-json\/wp\/v2\/product_tag?post=2052"}],"curies":[{"name":"wp","href":"https:\/\/api.w.org\/{rel}","templated":true}]}}