{"id":2066,"date":"2022-12-27T14:57:52","date_gmt":"2022-12-27T11:57:52","guid":{"rendered":"https:\/\/polikarbonat.md\/product\/roll-ap-stendy-shirina-1m\/"},"modified":"2023-05-24T15:57:21","modified_gmt":"2023-05-24T12:57:21","slug":"roll-ap-stendy-shirina-1m","status":"publish","type":"product","link":"https:\/\/polikarbonat.md\/ro\/product\/roll-ap-stendy-shirina-1m\/","title":{"rendered":"Standuri ROLL UP cu l\u0103\u021bimea de 1m"},"content":{"rendered":"","protected":false},"excerpt":{"rendered":"<p>Modelul clasic de stand rulant. Standurile mobile ROLL UP sunt unele dintre cele mai convenabile \u0219i practice pentru prezent\u0103ri, expozi\u021bii sau conferin\u021be. Designul standurilor mobile ROLL UP ofer\u0103 o serie de avantaje care le fac s\u0103 fie foarte c\u0103utate de agen\u021biile de publicitate.<\/p>\n<p>Standul rulant este fabricat din aluminiu. Acesta are un profil superior cu fixare rapid\u0103. Afi\u0219ul este depozitat \u00een baz\u0103 \u0219i se \u00eentinde conform principiului &#8220;Screen up&#8221;.<\/p>\n","protected":false},"featured_media":2067,"template":"","meta":[],"product_cat":[101,123],"product_tag":[],"class_list":["post-2066","product","type-product","status-publish","has-post-thumbnail","hentry","product_cat-reklamnye-materialy-ro","product_cat-vystavochnye-stendy-ro"],"acf":[],"_links":{"self":[{"href":"https:\/\/polikarbonat.md\/ro\/wp-json\/wp\/v2\/product\/2066","targetHints":{"allow":["GET"]}}],"collection":[{"href":"https:\/\/polikarbonat.md\/ro\/wp-json\/wp\/v2\/product"}],"about":[{"href":"https:\/\/polikarbonat.md\/ro\/wp-json\/wp\/v2\/types\/product"}],"wp:featuredmedia":[{"embeddable":true,"href":"https:\/\/polikarbonat.md\/ro\/wp-json\/wp\/v2\/media\/2067"}],"wp:attachment":[{"href":"https:\/\/polikarbonat.md\/ro\/wp-json\/wp\/v2\/media?parent=2066"}],"wp:term":[{"taxonomy":"product_cat","embeddable":true,"href":"https:\/\/polikarbonat.md\/ro\/wp-json\/wp\/v2\/product_cat?post=2066"},{"taxonomy":"product_tag","embeddable":true,"href":"https:\/\/polikarbonat.md\/ro\/wp-json\/wp\/v2\/product_tag?post=2066"}],"curies":[{"name":"wp","href":"https:\/\/api.w.org\/{rel}","templated":true}]}}