{"id":2068,"date":"2022-12-27T14:35:25","date_gmt":"2022-12-27T11:35:25","guid":{"rendered":"https:\/\/polikarbonat.md\/product\/fotobumaga-pod-solventnuyu-pechat-shirina-0-914-1-27-glyanets-mat\/"},"modified":"2023-05-24T15:29:43","modified_gmt":"2023-05-24T12:29:43","slug":"fotobumaga-pod-solventnuyu-pechat-shirina-0-914-1-27-glyanets-mat","status":"publish","type":"product","link":"https:\/\/polikarbonat.md\/ro\/product\/fotobumaga-pod-solventnuyu-pechat-shirina-0-914-1-27-glyanets-mat\/","title":{"rendered":"H\u00e2rtie fotografic\u0103 cu solven\u021bi cu l\u0103\u021bimea de 0,914\/1,27 lucios\/neted\u0103"},"content":{"rendered":"","protected":false},"excerpt":{"rendered":"<p>H\u00e2rtie fotografic\u0103 pentru imprimarea cu cerneluri eco-solvent cu finisaj lucios\/neted. Se caracterizeaz\u0103 prin defini\u021bie \u00eenalt\u0103, luminozitate ridicat\u0103 \u0219i uscare rapid\u0103 a imaginii imprimate. Potrivit\u0103 pentru imprimarea pe toate imprimantele de format mare.<\/p>\n<p>Este potrivit\u0103 pentru imprimarea standurilor de expozi\u021bie, a posterelor, afi\u0219elor etc. Nu necesit\u0103 laminare suplimentar\u0103 pentru utilizare \u00een interior \u0219i utilizare pe termen scurt \u00een exterior.<\/p>\n","protected":false},"featured_media":2069,"template":"","meta":[],"product_cat":[101,124],"product_tag":[],"class_list":["post-2068","product","type-product","status-publish","has-post-thumbnail","hentry","product_cat-reklamnye-materialy-ro","product_cat-holsty-fotobumaga-ro"],"acf":[],"_links":{"self":[{"href":"https:\/\/polikarbonat.md\/ro\/wp-json\/wp\/v2\/product\/2068","targetHints":{"allow":["GET"]}}],"collection":[{"href":"https:\/\/polikarbonat.md\/ro\/wp-json\/wp\/v2\/product"}],"about":[{"href":"https:\/\/polikarbonat.md\/ro\/wp-json\/wp\/v2\/types\/product"}],"wp:featuredmedia":[{"embeddable":true,"href":"https:\/\/polikarbonat.md\/ro\/wp-json\/wp\/v2\/media\/2069"}],"wp:attachment":[{"href":"https:\/\/polikarbonat.md\/ro\/wp-json\/wp\/v2\/media?parent=2068"}],"wp:term":[{"taxonomy":"product_cat","embeddable":true,"href":"https:\/\/polikarbonat.md\/ro\/wp-json\/wp\/v2\/product_cat?post=2068"},{"taxonomy":"product_tag","embeddable":true,"href":"https:\/\/polikarbonat.md\/ro\/wp-json\/wp\/v2\/product_tag?post=2068"}],"curies":[{"name":"wp","href":"https:\/\/api.w.org\/{rel}","templated":true}]}}