{"id":2072,"date":"2022-12-27T14:25:14","date_gmt":"2022-12-27T11:25:14","guid":{"rendered":"https:\/\/polikarbonat.md\/product\/pod-pigmentnuyu-pechat-shirina-0-61-0-914-1-27-glyanets-mat\/"},"modified":"2023-05-24T15:31:33","modified_gmt":"2023-05-24T12:31:33","slug":"pod-pigmentnuyu-pechat-shirina-0-61-0-914-1-27-glyanets-mat","status":"publish","type":"product","link":"https:\/\/polikarbonat.md\/ro\/product\/pod-pigmentnuyu-pechat-shirina-0-61-0-914-1-27-glyanets-mat\/","title":{"rendered":"L\u0103\u021bime de imprimare sub pigment 0,61\/0,914\/1,27 luciu\/masiv"},"content":{"rendered":"","protected":false},"excerpt":{"rendered":"<p>P\u00e2nza este o baz\u0103 \u021besut\u0103 din fire de bumbac natural, pe care se afl\u0103 un strat imprimat.<\/p>\n<p>Recomandat\u0103 pentru imprimarea cu cerneluri solubile \u00een ap\u0103 \u0219i pigmentate. Optimizat pentru tehnologia de imprimare cu jet de cerneal\u0103 pentru a ob\u021bine o gam\u0103 larg\u0103 de culori cu o reproducere excelent\u0103 a nuan\u021belor saturate, men\u021bin\u00e2nd \u00een acela\u0219i timp rezolu\u021bia maxim\u0103 a imprim\u0103rii.<\/p>\n<p>P\u00e2nza este utilizat\u0103 pe scar\u0103 larg\u0103 \u00een produc\u021bia de publicitate interioar\u0103, printuri de replic\u0103 \u0219i decora\u021biuni interioare.<\/p>\n","protected":false},"featured_media":2071,"template":"","meta":[],"product_cat":[101,124,126],"product_tag":[],"class_list":["post-2072","product","type-product","status-publish","has-post-thumbnail","hentry","product_cat-reklamnye-materialy-ro","product_cat-holsty-fotobumaga-ro","product_cat-holst-naturalnyj-kitaj-ro"],"acf":[],"_links":{"self":[{"href":"https:\/\/polikarbonat.md\/ro\/wp-json\/wp\/v2\/product\/2072","targetHints":{"allow":["GET"]}}],"collection":[{"href":"https:\/\/polikarbonat.md\/ro\/wp-json\/wp\/v2\/product"}],"about":[{"href":"https:\/\/polikarbonat.md\/ro\/wp-json\/wp\/v2\/types\/product"}],"wp:featuredmedia":[{"embeddable":true,"href":"https:\/\/polikarbonat.md\/ro\/wp-json\/wp\/v2\/media\/2071"}],"wp:attachment":[{"href":"https:\/\/polikarbonat.md\/ro\/wp-json\/wp\/v2\/media?parent=2072"}],"wp:term":[{"taxonomy":"product_cat","embeddable":true,"href":"https:\/\/polikarbonat.md\/ro\/wp-json\/wp\/v2\/product_cat?post=2072"},{"taxonomy":"product_tag","embeddable":true,"href":"https:\/\/polikarbonat.md\/ro\/wp-json\/wp\/v2\/product_tag?post=2072"}],"curies":[{"name":"wp","href":"https:\/\/api.w.org\/{rel}","templated":true}]}}