{"id":2073,"date":"2022-12-27T14:23:30","date_gmt":"2022-12-27T11:23:30","guid":{"rendered":"https:\/\/polikarbonat.md\/product\/pod-solventnuyu-pechat-shirina-0-914-1-37-1-52-glyanets-mat\/"},"modified":"2023-05-24T15:36:50","modified_gmt":"2023-05-24T12:36:50","slug":"pod-solventnuyu-pechat-shirina-0-914-1-37-1-52-glyanets-mat","status":"publish","type":"product","link":"https:\/\/polikarbonat.md\/ro\/product\/pod-solventnuyu-pechat-shirina-0-914-1-37-1-52-glyanets-mat\/","title":{"rendered":"Pentru l\u0103\u021bimea de imprimare cu solvent 0,914\/1,37\/1,52 lucios\/neted"},"content":{"rendered":"","protected":false},"excerpt":{"rendered":"<p>P\u00e2nza este o baz\u0103 \u021besut\u0103 dintr-un fir de bumbac natural, pe care se aplic\u0103 un strat de imprimare.<\/p>\n<p>P\u00e2nzele din bumbac natural pentru imprimare digital\u0103 cu solvent au o textur\u0103 \u021besut\u0103 care creeaz\u0103 o senza\u021bie de c\u0103ldur\u0103 natural\u0103 a materialului \u0219i permite o asem\u0103nare maxim\u0103 cu picturile reale ale arti\u0219tilor atunci c\u00e2nd sunt imprimate.<\/p>\n<p>Aplica\u021bii pentru<\/p>\n<p>P\u00e2nza este utilizat\u0103 pe scar\u0103 larg\u0103 \u00een produc\u021bia de reclame de interior, \u00een crearea de replici de tablouri \u0219i \u00een decorarea camerelor.<br \/>\nPotrivit\u0103 pentru imprimare digital\u0103 cu solvent \u0219i eco-solvent.<\/p>\n","protected":false},"featured_media":2071,"template":"","meta":[],"product_cat":[101,124,126],"product_tag":[],"class_list":["post-2073","product","type-product","status-publish","has-post-thumbnail","hentry","product_cat-reklamnye-materialy-ro","product_cat-holsty-fotobumaga-ro","product_cat-holst-naturalnyj-kitaj-ro"],"acf":[],"_links":{"self":[{"href":"https:\/\/polikarbonat.md\/ro\/wp-json\/wp\/v2\/product\/2073","targetHints":{"allow":["GET"]}}],"collection":[{"href":"https:\/\/polikarbonat.md\/ro\/wp-json\/wp\/v2\/product"}],"about":[{"href":"https:\/\/polikarbonat.md\/ro\/wp-json\/wp\/v2\/types\/product"}],"wp:featuredmedia":[{"embeddable":true,"href":"https:\/\/polikarbonat.md\/ro\/wp-json\/wp\/v2\/media\/2071"}],"wp:attachment":[{"href":"https:\/\/polikarbonat.md\/ro\/wp-json\/wp\/v2\/media?parent=2073"}],"wp:term":[{"taxonomy":"product_cat","embeddable":true,"href":"https:\/\/polikarbonat.md\/ro\/wp-json\/wp\/v2\/product_cat?post=2073"},{"taxonomy":"product_tag","embeddable":true,"href":"https:\/\/polikarbonat.md\/ro\/wp-json\/wp\/v2\/product_tag?post=2073"}],"curies":[{"name":"wp","href":"https:\/\/api.w.org\/{rel}","templated":true}]}}