{"id":2081,"date":"2022-12-26T17:02:05","date_gmt":"2022-12-26T14:02:05","guid":{"rendered":"https:\/\/polikarbonat.md\/product\/macal-598-03-glass-decor-shirina-1-23\/"},"modified":"2023-05-24T14:06:45","modified_gmt":"2023-05-24T11:06:45","slug":"macal-598-03-glass-decor-shirina-1-23","status":"publish","type":"product","link":"https:\/\/polikarbonat.md\/ro\/product\/macal-598-03-glass-decor-shirina-1-23\/","title":{"rendered":"MACAL 598-03 GLASS D\u00c9COR L\u0103\u021bime 1,23"},"content":{"rendered":"","protected":false},"excerpt":{"rendered":"<p>MACal Glass Decor 500\u2122 este o pelicul\u0103 de vinil polimeric translucid\u0103 cu efect mat pentru tratamentele interioare \u0219i exterioare ale ferestrelor. Tratat\u0103 special pentru a produce o culoare translucid\u0103 perfect uniform\u0103.<\/p>\n","protected":false},"featured_media":2080,"template":"","meta":[],"product_cat":[128,101,129],"product_tag":[],"class_list":["post-2081","product","type-product","status-publish","has-post-thumbnail","hentry","product_cat-samokleyashhiesya-plenki-ro","product_cat-reklamnye-materialy-ro","product_cat-plenka-s-effektom-peskostruya-ro"],"acf":[],"_links":{"self":[{"href":"https:\/\/polikarbonat.md\/ro\/wp-json\/wp\/v2\/product\/2081","targetHints":{"allow":["GET"]}}],"collection":[{"href":"https:\/\/polikarbonat.md\/ro\/wp-json\/wp\/v2\/product"}],"about":[{"href":"https:\/\/polikarbonat.md\/ro\/wp-json\/wp\/v2\/types\/product"}],"wp:featuredmedia":[{"embeddable":true,"href":"https:\/\/polikarbonat.md\/ro\/wp-json\/wp\/v2\/media\/2080"}],"wp:attachment":[{"href":"https:\/\/polikarbonat.md\/ro\/wp-json\/wp\/v2\/media?parent=2081"}],"wp:term":[{"taxonomy":"product_cat","embeddable":true,"href":"https:\/\/polikarbonat.md\/ro\/wp-json\/wp\/v2\/product_cat?post=2081"},{"taxonomy":"product_tag","embeddable":true,"href":"https:\/\/polikarbonat.md\/ro\/wp-json\/wp\/v2\/product_tag?post=2081"}],"curies":[{"name":"wp","href":"https:\/\/api.w.org\/{rel}","templated":true}]}}