{"id":2082,"date":"2022-12-26T16:58:46","date_gmt":"2022-12-26T13:58:46","guid":{"rendered":"https:\/\/polikarbonat.md\/product\/macal-9798-60-pro-shirina-1-23\/"},"modified":"2023-05-24T14:14:31","modified_gmt":"2023-05-24T11:14:31","slug":"macal-9798-60-pro-shirina-1-23","status":"publish","type":"product","link":"https:\/\/polikarbonat.md\/ro\/product\/macal-9798-60-pro-shirina-1-23\/","title":{"rendered":"MACal 9798-60 PRO L\u0103\u021bime 1,23"},"content":{"rendered":"","protected":false},"excerpt":{"rendered":"<p>Folia de dispersie a luminii Matac 9798-60 Pro este o folie de PVC calandrat plastifiat alb mat, special conceput\u0103 pentru a fi utilizat\u0103 \u00een cutii luminoase \u00een combina\u021bie cu foliile colorate Mactac 9700 Pro.<\/p>\n<p>Aceast\u0103 pelicul\u0103 creeaz\u0103 o difuzie uniform\u0103 a luminii \u00een cutia de lumin\u0103, cu un randament luminos de 60%. Este o pelicul\u0103 de \u00eenalt\u0103 performan\u021b\u0103 care poate fi utilizat\u0103 \u00een exterior timp de 5 p\u00e2n\u0103 la 7 ani. Adezivul permanent nu este doar foarte puternic, ci are \u0219i cea mai bun\u0103 rezisten\u021b\u0103 la intemperii \u0219i o transparen\u021b\u0103 excelent\u0103.<\/p>\n","protected":false},"featured_media":2083,"template":"","meta":[],"product_cat":[128,101,130],"product_tag":[],"class_list":["post-2082","product","type-product","status-publish","has-post-thumbnail","hentry","product_cat-samokleyashhiesya-plenki-ro","product_cat-reklamnye-materialy-ro","product_cat-svetorasseivayushhaya-plenka-belgiya-ro"],"acf":[],"_links":{"self":[{"href":"https:\/\/polikarbonat.md\/ro\/wp-json\/wp\/v2\/product\/2082","targetHints":{"allow":["GET"]}}],"collection":[{"href":"https:\/\/polikarbonat.md\/ro\/wp-json\/wp\/v2\/product"}],"about":[{"href":"https:\/\/polikarbonat.md\/ro\/wp-json\/wp\/v2\/types\/product"}],"wp:featuredmedia":[{"embeddable":true,"href":"https:\/\/polikarbonat.md\/ro\/wp-json\/wp\/v2\/media\/2083"}],"wp:attachment":[{"href":"https:\/\/polikarbonat.md\/ro\/wp-json\/wp\/v2\/media?parent=2082"}],"wp:term":[{"taxonomy":"product_cat","embeddable":true,"href":"https:\/\/polikarbonat.md\/ro\/wp-json\/wp\/v2\/product_cat?post=2082"},{"taxonomy":"product_tag","embeddable":true,"href":"https:\/\/polikarbonat.md\/ro\/wp-json\/wp\/v2\/product_tag?post=2082"}],"curies":[{"name":"wp","href":"https:\/\/api.w.org\/{rel}","templated":true}]}}