{"id":2085,"date":"2022-12-26T16:45:53","date_gmt":"2022-12-26T13:45:53","guid":{"rendered":"https:\/\/polikarbonat.md\/product\/melovaya-plenka-belgiya-wallchalker-shirina-1-23\/"},"modified":"2023-05-24T14:34:52","modified_gmt":"2023-05-24T11:34:52","slug":"melovaya-plenka-belgiya-wallchalker-shirina-1-23","status":"publish","type":"product","link":"https:\/\/polikarbonat.md\/ro\/product\/melovaya-plenka-belgiya-wallchalker-shirina-1-23\/","title":{"rendered":"Chalkboard (Belgia) Wallchalker l\u0103\u021bime 1,23"},"content":{"rendered":"","protected":false},"excerpt":{"rendered":"<p>Tabl\u0103 de cret\u0103 Wallchalker este o pelicul\u0103 monomeric\u0103 din PVC pentru desenat cu creioane \u0219i markere de cret\u0103. Are o suprafa\u021b\u0103 neagr\u0103 texturat\u0103.<\/p>\n<p>Se \u00eendep\u0103rteaz\u0103 cu o c\u00e2rp\u0103 umed\u0103 Pentru utilizare \u00een interior \u0219i exterior<\/p>\n<p>Folia este u\u0219or de aplicat f\u0103r\u0103 unelte \u0219i abilit\u0103\u021bi speciale, datorit\u0103 stratului s\u0103u adeziv unic (spot glue). Acest lucru nu numai c\u0103 face ca folia s\u0103 fie u\u0219or de manevrat, dar economise\u0219te timp \u0219i bani la instalare.<\/p>\n","protected":false},"featured_media":2086,"template":"","meta":[],"product_cat":[128,101],"product_tag":[],"class_list":["post-2085","product","type-product","status-publish","has-post-thumbnail","hentry","product_cat-samokleyashhiesya-plenki-ro","product_cat-reklamnye-materialy-ro"],"acf":[],"_links":{"self":[{"href":"https:\/\/polikarbonat.md\/ro\/wp-json\/wp\/v2\/product\/2085","targetHints":{"allow":["GET"]}}],"collection":[{"href":"https:\/\/polikarbonat.md\/ro\/wp-json\/wp\/v2\/product"}],"about":[{"href":"https:\/\/polikarbonat.md\/ro\/wp-json\/wp\/v2\/types\/product"}],"wp:featuredmedia":[{"embeddable":true,"href":"https:\/\/polikarbonat.md\/ro\/wp-json\/wp\/v2\/media\/2086"}],"wp:attachment":[{"href":"https:\/\/polikarbonat.md\/ro\/wp-json\/wp\/v2\/media?parent=2085"}],"wp:term":[{"taxonomy":"product_cat","embeddable":true,"href":"https:\/\/polikarbonat.md\/ro\/wp-json\/wp\/v2\/product_cat?post=2085"},{"taxonomy":"product_tag","embeddable":true,"href":"https:\/\/polikarbonat.md\/ro\/wp-json\/wp\/v2\/product_tag?post=2085"}],"curies":[{"name":"wp","href":"https:\/\/api.w.org\/{rel}","templated":true}]}}