{"id":2089,"date":"2022-12-26T16:11:11","date_gmt":"2022-12-26T13:11:11","guid":{"rendered":"https:\/\/polikarbonat.md\/product\/chernyj-vinil-cav-140-kitaj-shirina-1-22-glyanets-mat\/"},"modified":"2023-05-24T14:43:57","modified_gmt":"2023-05-24T11:43:57","slug":"chernyj-vinil-cav-140-kitaj-shirina-1-22-glyanets-mat","status":"publish","type":"product","link":"https:\/\/polikarbonat.md\/ro\/product\/chernyj-vinil-cav-140-kitaj-shirina-1-22-glyanets-mat\/","title":{"rendered":"Vinil negru CAV 140 (China) l\u0103\u021bime 1,22 lucios\/negru mat"},"content":{"rendered":"","protected":false},"excerpt":{"rendered":"<p>Folia autoadeziv\u0103 de imprimare din vinil este o folie versatil\u0103, potrivit\u0103 pentru aproape orice aplica\u021bie. Pelicula este ideal\u0103 pentru acoperirea suprafe\u021belor plane \u0219i netede, precum \u0219i pentru a fi lipit\u0103 pe foi rigide. Imaginile imprimate pe folia de vinil \u00ee\u0219i p\u0103streaz\u0103 satura\u021bia culorilor pentru o perioad\u0103 lung\u0103 de timp. Folia de vinil cu suport adeziv este cea mai potrivit\u0103 pentru standuri de imprimare, fototapet, portrete \u0219i alte decora\u021biuni interioare.<\/p>\n","protected":false},"featured_media":2090,"template":"","meta":[],"product_cat":[128,101],"product_tag":[],"class_list":["post-2089","product","type-product","status-publish","has-post-thumbnail","hentry","product_cat-samokleyashhiesya-plenki-ro","product_cat-reklamnye-materialy-ro"],"acf":[],"_links":{"self":[{"href":"https:\/\/polikarbonat.md\/ro\/wp-json\/wp\/v2\/product\/2089","targetHints":{"allow":["GET"]}}],"collection":[{"href":"https:\/\/polikarbonat.md\/ro\/wp-json\/wp\/v2\/product"}],"about":[{"href":"https:\/\/polikarbonat.md\/ro\/wp-json\/wp\/v2\/types\/product"}],"wp:featuredmedia":[{"embeddable":true,"href":"https:\/\/polikarbonat.md\/ro\/wp-json\/wp\/v2\/media\/2090"}],"wp:attachment":[{"href":"https:\/\/polikarbonat.md\/ro\/wp-json\/wp\/v2\/media?parent=2089"}],"wp:term":[{"taxonomy":"product_cat","embeddable":true,"href":"https:\/\/polikarbonat.md\/ro\/wp-json\/wp\/v2\/product_cat?post=2089"},{"taxonomy":"product_tag","embeddable":true,"href":"https:\/\/polikarbonat.md\/ro\/wp-json\/wp\/v2\/product_tag?post=2089"}],"curies":[{"name":"wp","href":"https:\/\/api.w.org\/{rel}","templated":true}]}}