{"id":2091,"date":"2022-12-26T16:09:50","date_gmt":"2022-12-26T13:09:50","guid":{"rendered":"https:\/\/polikarbonat.md\/product\/tsvetnye-plenki-macal-belgiya-8200-pro-shirina-1-23\/"},"modified":"2023-05-24T14:42:03","modified_gmt":"2023-05-24T11:42:03","slug":"tsvetnye-plenki-macal-belgiya-8200-pro-shirina-1-23","status":"publish","type":"product","link":"https:\/\/polikarbonat.md\/ro\/product\/tsvetnye-plenki-macal-belgiya-8200-pro-shirina-1-23\/","title":{"rendered":"Pelicul\u0103 color MACal (Belgia) 8200 PRO l\u0103\u021bime 1,23"},"content":{"rendered":"<h2>Caracteristicile foliilor MACal\u00ae 8200Pro.<\/h2>\n<p>Seria MACal\u00ae 8200Pro de folii de vinil calandrat este special conceput\u0103 pentru aplica\u021bii de durat\u0103 medie de via\u021b\u0103 \u00een exterior \u0219i interior pe suprafe\u021be plane \u0219i u\u0219or curbate, pentru autocolante flexibile, etichete, standuri de expozi\u021bie \u0219i aplica\u021bii pentru ferestre.<br \/>\nAcestea pot fi t\u0103iate f\u0103r\u0103 preten\u021bii, inclusiv \u00een dimensiuni mici, garant\u00e2nd o selec\u021bie u\u0219oar\u0103 \u0219i rapid\u0103.<br \/>\nBenzile din seria MACal\u00ae 8200Pro au aderen\u021b\u0103 permanent\u0103.<br \/>\nApa \u0219i umezeala nu vor afecta culoarea foliei \u0219i nu vor degrada propriet\u0103\u021bile adezive.<\/p>\n<p>Produc\u0103torul de folii MACtac ofer\u0103 o garan\u021bie de 2 ani pentru foliile MACal 8200Pro atunci c\u00e2nd sunt depozitate \u00eentr-un depozit la 15-25\u00b0C \u0219i 40-60% umiditate.<\/p>\n","protected":false},"excerpt":{"rendered":"<p>Folie de vinil calandrat cu monomer din seria MACal\u00ae 8200 Pro, de calitate economic\u0103, cu un adeziv acrilic permanent pe baz\u0103 de ap\u0103.<\/p>\n<p>Grosime 75 \u00b5m.<br \/>\nGama de culori include 100 de nuan\u021be: 50 lucioase \u0219i 50 mate.<br \/>\nFolia este conceput\u0103 pentru a fi utilizat\u0103 \u00een campanii publicitare pe termen scurt \u0219i mediu.<br \/>\nSe vinde at\u00e2t \u00een vrac, c\u00e2t \u0219i la metru. Sunt disponibile accesorii op\u021bionale, cum ar fi rakele din plastic, rakele din p\u00e2sl\u0103 etc.<\/p>\n","protected":false},"featured_media":2092,"template":"","meta":[],"product_cat":[128,101],"product_tag":[],"class_list":["post-2091","product","type-product","status-publish","has-post-thumbnail","hentry","product_cat-samokleyashhiesya-plenki-ro","product_cat-reklamnye-materialy-ro"],"acf":[],"_links":{"self":[{"href":"https:\/\/polikarbonat.md\/ro\/wp-json\/wp\/v2\/product\/2091","targetHints":{"allow":["GET"]}}],"collection":[{"href":"https:\/\/polikarbonat.md\/ro\/wp-json\/wp\/v2\/product"}],"about":[{"href":"https:\/\/polikarbonat.md\/ro\/wp-json\/wp\/v2\/types\/product"}],"wp:featuredmedia":[{"embeddable":true,"href":"https:\/\/polikarbonat.md\/ro\/wp-json\/wp\/v2\/media\/2092"}],"wp:attachment":[{"href":"https:\/\/polikarbonat.md\/ro\/wp-json\/wp\/v2\/media?parent=2091"}],"wp:term":[{"taxonomy":"product_cat","embeddable":true,"href":"https:\/\/polikarbonat.md\/ro\/wp-json\/wp\/v2\/product_cat?post=2091"},{"taxonomy":"product_tag","embeddable":true,"href":"https:\/\/polikarbonat.md\/ro\/wp-json\/wp\/v2\/product_tag?post=2091"}],"curies":[{"name":"wp","href":"https:\/\/api.w.org\/{rel}","templated":true}]}}