{"id":2093,"date":"2022-12-26T15:56:11","date_gmt":"2022-12-26T12:56:11","guid":{"rendered":"https:\/\/polikarbonat.md\/product\/plenka-pet-backlit-dlya-vnutrennej-podsvetki-100-mkm-matovaya\/"},"modified":"2023-05-24T12:03:53","modified_gmt":"2023-05-24T09:03:53","slug":"plenka-pet-backlit-dlya-vnutrennej-podsvetki-100-mkm-matovaya","status":"publish","type":"product","link":"https:\/\/polikarbonat.md\/ro\/product\/plenka-pet-backlit-dlya-vnutrennej-podsvetki-100-mkm-matovaya\/","title":{"rendered":"Folie PET BACKLIT pentru iluminat interior 100 \u00b5m mat\u0103"},"content":{"rendered":"","protected":false},"excerpt":{"rendered":"<p>PET BACKLIT este o pelicul\u0103 pe baz\u0103 de PET, special conceput\u0103 pentru a fi utilizat\u0103 \u00een diverse proiecte de iluminat interior. Atunci c\u00e2nd este iluminat\u0103, imaginea imprimat\u0103 devine mai luminoas\u0103. Folia se caracterizeaz\u0103 prin claritate \u0219i luminozitate ridicat\u0103 \u0219i uscare rapid\u0103 a imaginii imprimate.<\/p>\n<p>Propriet\u0103\u021bi principale:<\/p>\n<ul>\n<li>material rezistent la umezeal\u0103;<\/li>\n<li>uscarea rapid\u0103 a cernelii dup\u0103 imprimare;<\/li>\n<li>distribuie uniform lumina pe \u00eentreaga suprafa\u021b\u0103;<\/li>\n<li>are culori translucide vibrante \u0219i saturate;<\/li>\n<li>calitatea imprim\u0103rii interioare;<\/li>\n<\/ul>\n","protected":false},"featured_media":2094,"template":"","meta":[],"product_cat":[131,101],"product_tag":[],"class_list":["post-2093","product","type-product","status-publish","has-post-thumbnail","hentry","product_cat-materialy-dlya-pechati-ro","product_cat-reklamnye-materialy-ro"],"acf":[],"_links":{"self":[{"href":"https:\/\/polikarbonat.md\/ro\/wp-json\/wp\/v2\/product\/2093","targetHints":{"allow":["GET"]}}],"collection":[{"href":"https:\/\/polikarbonat.md\/ro\/wp-json\/wp\/v2\/product"}],"about":[{"href":"https:\/\/polikarbonat.md\/ro\/wp-json\/wp\/v2\/types\/product"}],"wp:featuredmedia":[{"embeddable":true,"href":"https:\/\/polikarbonat.md\/ro\/wp-json\/wp\/v2\/media\/2094"}],"wp:attachment":[{"href":"https:\/\/polikarbonat.md\/ro\/wp-json\/wp\/v2\/media?parent=2093"}],"wp:term":[{"taxonomy":"product_cat","embeddable":true,"href":"https:\/\/polikarbonat.md\/ro\/wp-json\/wp\/v2\/product_cat?post=2093"},{"taxonomy":"product_tag","embeddable":true,"href":"https:\/\/polikarbonat.md\/ro\/wp-json\/wp\/v2\/product_tag?post=2093"}],"curies":[{"name":"wp","href":"https:\/\/api.w.org\/{rel}","templated":true}]}}