{"id":2098,"date":"2022-12-26T15:44:22","date_gmt":"2022-12-26T12:44:22","guid":{"rendered":"https:\/\/polikarbonat.md\/product\/blockout-textile-shirina-1-37\/"},"modified":"2023-05-24T12:50:26","modified_gmt":"2023-05-24T09:50:26","slug":"blockout-textile-shirina-1-37","status":"publish","type":"product","link":"https:\/\/polikarbonat.md\/ro\/product\/blockout-textile-shirina-1-37\/","title":{"rendered":"BLOCKOUT TEXTILE l\u0103\u021bime 1.37"},"content":{"rendered":"","protected":false},"excerpt":{"rendered":"<p>\u021aes\u0103tura pentru bannere Blockout este o \u021bes\u0103tur\u0103 care blocheaz\u0103 lumina (opac\u0103). Blockout are o structur\u0103 complex\u0103: o plas\u0103 de poliester pe care este aplicat\u0103 o pelicul\u0103 neagr\u0103, care asigur\u0103 o etan\u0219eitate absolut\u0103 la lumin\u0103, \u00eenchis\u0103 \u00eentre dou\u0103 straturi de PVC alb. \u021aes\u0103tura are caracteristici fizice bune, rezisten\u021b\u0103 ridicat\u0103 la trac\u021biune \u0219i la rupere.<\/p>\n","protected":false},"featured_media":2099,"template":"","meta":[],"product_cat":[131,101],"product_tag":[],"class_list":["post-2098","product","type-product","status-publish","has-post-thumbnail","hentry","product_cat-materialy-dlya-pechati-ro","product_cat-reklamnye-materialy-ro"],"acf":[],"_links":{"self":[{"href":"https:\/\/polikarbonat.md\/ro\/wp-json\/wp\/v2\/product\/2098","targetHints":{"allow":["GET"]}}],"collection":[{"href":"https:\/\/polikarbonat.md\/ro\/wp-json\/wp\/v2\/product"}],"about":[{"href":"https:\/\/polikarbonat.md\/ro\/wp-json\/wp\/v2\/types\/product"}],"wp:featuredmedia":[{"embeddable":true,"href":"https:\/\/polikarbonat.md\/ro\/wp-json\/wp\/v2\/media\/2099"}],"wp:attachment":[{"href":"https:\/\/polikarbonat.md\/ro\/wp-json\/wp\/v2\/media?parent=2098"}],"wp:term":[{"taxonomy":"product_cat","embeddable":true,"href":"https:\/\/polikarbonat.md\/ro\/wp-json\/wp\/v2\/product_cat?post=2098"},{"taxonomy":"product_tag","embeddable":true,"href":"https:\/\/polikarbonat.md\/ro\/wp-json\/wp\/v2\/product_tag?post=2098"}],"curies":[{"name":"wp","href":"https:\/\/api.w.org\/{rel}","templated":true}]}}