{"id":2103,"date":"2022-12-26T14:54:00","date_gmt":"2022-12-26T11:54:00","guid":{"rendered":"https:\/\/polikarbonat.md\/product\/tav-120-kitaj-prozrachnyj-vinil-shirina-1-07-1-27-glyanets-mat\/"},"modified":"2023-05-24T12:39:13","modified_gmt":"2023-05-24T09:39:13","slug":"tav-120-kitaj-prozrachnyj-vinil-shirina-1-07-1-27-glyanets-mat","status":"publish","type":"product","link":"https:\/\/polikarbonat.md\/ro\/product\/tav-120-kitaj-prozrachnyj-vinil-shirina-1-07-1-27-glyanets-mat\/","title":{"rendered":"TAV 120 (CHINA) vinil transparent, l\u0103\u021bime 1,07\/1,27 lucios\/neted"},"content":{"rendered":"","protected":false},"excerpt":{"rendered":"<p>Folie PVC calandrat pentru imprimare cu cerneluri cu solvent \u0219i eco-solvent. Datorit\u0103 stratului s\u0103u adeziv de \u00eenalt\u0103 calitate, poate fi aplicat cu u\u0219urin\u021b\u0103 pe toate suprafe\u021bele plane. Folia are o nuan\u021b\u0103 alb\u0103 neutr\u0103 care confer\u0103 un ton natural imaginilor. Folia are o bun\u0103 imprimabilitate: cerneala nu se scurge \u0219i se usuc\u0103 rapid. Imaginile sunt clare \u0219i bogate \u00een culori.<\/p>\n<p>Peliculele PVC autoadezive sunt potrivite pentru imprimarea materialelor promo\u021bionale autoadezive de scurt\u0103 durat\u0103. Se poate utiliza pe o varietate de imprimante cu jet de cerneal\u0103 de format mare.<\/p>\n","protected":false},"featured_media":2104,"template":"","meta":[],"product_cat":[127,128,132,134,101,131],"product_tag":[],"class_list":["post-2103","product","type-product","status-publish","has-post-thumbnail","hentry","product_cat-plenki-dlya-laminatsii-ro","product_cat-samokleyashhiesya-plenki-ro","product_cat-plenki-dlya-pechati-ro","product_cat-plenki-dlya-pechati-samokleyashhiesya-plenki-ro","product_cat-reklamnye-materialy-ro","product_cat-materialy-dlya-pechati-ro"],"acf":[],"_links":{"self":[{"href":"https:\/\/polikarbonat.md\/ro\/wp-json\/wp\/v2\/product\/2103","targetHints":{"allow":["GET"]}}],"collection":[{"href":"https:\/\/polikarbonat.md\/ro\/wp-json\/wp\/v2\/product"}],"about":[{"href":"https:\/\/polikarbonat.md\/ro\/wp-json\/wp\/v2\/types\/product"}],"wp:featuredmedia":[{"embeddable":true,"href":"https:\/\/polikarbonat.md\/ro\/wp-json\/wp\/v2\/media\/2104"}],"wp:attachment":[{"href":"https:\/\/polikarbonat.md\/ro\/wp-json\/wp\/v2\/media?parent=2103"}],"wp:term":[{"taxonomy":"product_cat","embeddable":true,"href":"https:\/\/polikarbonat.md\/ro\/wp-json\/wp\/v2\/product_cat?post=2103"},{"taxonomy":"product_tag","embeddable":true,"href":"https:\/\/polikarbonat.md\/ro\/wp-json\/wp\/v2\/product_tag?post=2103"}],"curies":[{"name":"wp","href":"https:\/\/api.w.org\/{rel}","templated":true}]}}