{"id":2109,"date":"2022-12-26T14:43:36","date_gmt":"2022-12-26T11:43:36","guid":{"rendered":"https:\/\/polikarbonat.md\/product\/sav-kitaj-120-80mkm-shirina-1-07-1-27-1-52-glyanets-mat\/"},"modified":"2023-05-24T12:29:03","modified_gmt":"2023-05-24T09:29:03","slug":"sav-kitaj-120-80mkm-shirina-1-07-1-27-1-52-glyanets-mat","status":"publish","type":"product","link":"https:\/\/polikarbonat.md\/ro\/product\/sav-kitaj-120-80mkm-shirina-1-07-1-27-1-52-glyanets-mat\/","title":{"rendered":"SAV(China) 120 (80\u043a\u043c) l\u0103\u021bime 1,07\/1,27\/1,52 lucios\/mat"},"content":{"rendered":"","protected":false},"excerpt":{"rendered":"<p>Folie SAV pentru imprimarea cu cerneluri cu solvent \u0219i eco-solvent.Datorit\u0103 stratului s\u0103u adeziv de \u00eenalt\u0103 calitate, poate fi aplicat\u0103 cu u\u0219urin\u021b\u0103 pe orice suprafa\u021b\u0103 plan\u0103.Folia are o nuan\u021b\u0103 alb\u0103 neutr\u0103, care permite ob\u021binerea unor imagini cu tonuri naturale.Folia are performan\u021be bune de imprimare: cerneala nu se scurge \u0219i se usuc\u0103 rapid. Imaginea este clar\u0103 \u0219i bogat\u0103 \u00een culori.<\/p>\n<p>Folia PVC autoadeziv\u0103 este potrivit\u0103 pentru imprimarea materialelor promo\u021bionale autoadezive de scurt\u0103 durat\u0103. Se poate utiliza pe o varietate de imprimante cu jet de cerneal\u0103 de format mare.<\/p>\n","protected":false},"featured_media":2108,"template":"","meta":[],"product_cat":[128,131,132,134,101],"product_tag":[],"class_list":["post-2109","product","type-product","status-publish","has-post-thumbnail","hentry","product_cat-samokleyashhiesya-plenki-ro","product_cat-materialy-dlya-pechati-ro","product_cat-plenki-dlya-pechati-ro","product_cat-plenki-dlya-pechati-samokleyashhiesya-plenki-ro","product_cat-reklamnye-materialy-ro"],"acf":[],"_links":{"self":[{"href":"https:\/\/polikarbonat.md\/ro\/wp-json\/wp\/v2\/product\/2109","targetHints":{"allow":["GET"]}}],"collection":[{"href":"https:\/\/polikarbonat.md\/ro\/wp-json\/wp\/v2\/product"}],"about":[{"href":"https:\/\/polikarbonat.md\/ro\/wp-json\/wp\/v2\/types\/product"}],"wp:featuredmedia":[{"embeddable":true,"href":"https:\/\/polikarbonat.md\/ro\/wp-json\/wp\/v2\/media\/2108"}],"wp:attachment":[{"href":"https:\/\/polikarbonat.md\/ro\/wp-json\/wp\/v2\/media?parent=2109"}],"wp:term":[{"taxonomy":"product_cat","embeddable":true,"href":"https:\/\/polikarbonat.md\/ro\/wp-json\/wp\/v2\/product_cat?post=2109"},{"taxonomy":"product_tag","embeddable":true,"href":"https:\/\/polikarbonat.md\/ro\/wp-json\/wp\/v2\/product_tag?post=2109"}],"curies":[{"name":"wp","href":"https:\/\/api.w.org\/{rel}","templated":true}]}}