{"id":2111,"date":"2022-12-26T14:34:51","date_gmt":"2022-12-26T11:34:51","guid":{"rendered":"https:\/\/polikarbonat.md\/product\/bannernaya-setka-shirina-3-2\/"},"modified":"2023-05-24T12:41:05","modified_gmt":"2023-05-24T09:41:05","slug":"bannernaya-setka-shirina-3-2","status":"publish","type":"product","link":"https:\/\/polikarbonat.md\/ro\/product\/bannernaya-setka-shirina-3-2\/","title":{"rendered":"Banner cu ochiuri de plas\u0103 3.2"},"content":{"rendered":"","protected":false},"excerpt":{"rendered":"<p>Plasa pentru bannere este utilizat\u0103 \u00een special pentru produse de format mare, de exemplu pentru publicitate pe fa\u021badele cl\u0103dirilor, pentru acoperirea \u0219antierelor de construc\u021bii \u0219i pentru imprimarea decorurilor pentru concerte \u0219i teatre. Datorit\u0103 greut\u0103\u021bii sale reduse, poate fi asamblat\u0103 f\u0103r\u0103 nicio dificultate<\/p>\n<p>\u021aes\u0103tura perforat\u0103 pentru bannere, care se utilizeaz\u0103 atunci c\u00e2nd este necesar s\u0103 se reduc\u0103 rezisten\u021ba la v\u00e2nt. Se potrive\u0219te \u00een special pentru grafic\u0103 la scar\u0103 mare pe fa\u021bade sau vitrine de magazine.<\/p>\n<p>Permeabil\u0103 &#8211; rezistent\u0103 la rafalele de v\u00e2nt<br \/>\nGreutate redus\u0103 \u0219i rezisten\u021b\u0103 ridicat\u0103<br \/>\nPotrivit\u0103 pentru bannere foarte mari<br \/>\nStructura de plas\u0103 permite supra\u00een\u0103l\u021barea ferestrelor<\/p>\n","protected":false},"featured_media":2112,"template":"","meta":[],"product_cat":[131,101],"product_tag":[],"class_list":["post-2111","product","type-product","status-publish","has-post-thumbnail","hentry","product_cat-materialy-dlya-pechati-ro","product_cat-reklamnye-materialy-ro"],"acf":[],"_links":{"self":[{"href":"https:\/\/polikarbonat.md\/ro\/wp-json\/wp\/v2\/product\/2111","targetHints":{"allow":["GET"]}}],"collection":[{"href":"https:\/\/polikarbonat.md\/ro\/wp-json\/wp\/v2\/product"}],"about":[{"href":"https:\/\/polikarbonat.md\/ro\/wp-json\/wp\/v2\/types\/product"}],"wp:featuredmedia":[{"embeddable":true,"href":"https:\/\/polikarbonat.md\/ro\/wp-json\/wp\/v2\/media\/2112"}],"wp:attachment":[{"href":"https:\/\/polikarbonat.md\/ro\/wp-json\/wp\/v2\/media?parent=2111"}],"wp:term":[{"taxonomy":"product_cat","embeddable":true,"href":"https:\/\/polikarbonat.md\/ro\/wp-json\/wp\/v2\/product_cat?post=2111"},{"taxonomy":"product_tag","embeddable":true,"href":"https:\/\/polikarbonat.md\/ro\/wp-json\/wp\/v2\/product_tag?post=2111"}],"curies":[{"name":"wp","href":"https:\/\/api.w.org\/{rel}","templated":true}]}}