{"id":2117,"date":"2022-12-26T14:24:05","date_gmt":"2022-12-26T11:24:05","guid":{"rendered":"https:\/\/polikarbonat.md\/product\/bannernaya-tkan-backlit-kitaj-3-2-50\/"},"modified":"2023-05-02T08:36:54","modified_gmt":"2023-05-02T05:36:54","slug":"bannernaya-tkan-backlit-kitaj-3-2-50","status":"publish","type":"product","link":"https:\/\/polikarbonat.md\/ro\/product\/bannernaya-tkan-backlit-kitaj-3-2-50\/","title":{"rendered":"Banner tesatura Backlit (China) 3,2*50"},"content":{"rendered":"","protected":false},"excerpt":{"rendered":"<p>\u021aes\u0103tura pentru bannere retroiluminate este ideal\u0103 pentru publicitate \u0219i interioare retroiluminate. Retroiluminarea este de obicei imprimat\u0103 pe o parte, iar pe cealalt\u0103 parte este instalat\u0103 o lamp\u0103. Materialul este indispensabil pentru publicitatea \u00een aer liber. Nu este afectat de umezeal\u0103, \u00eenghe\u021b, c\u0103ldur\u0103, lumin\u0103 solar\u0103 \u0219i este rezistent la foc. Datorit\u0103 capacit\u0103\u021bii Backlite de a difuza lumina, imaginea \u00ee\u0219i p\u0103streaz\u0103 luminozitatea \u0219i satura\u021bia nu numai \u00een timpul zilei, ci \u0219i pe timp de noapte, sub iluminare din spate. Prin urmare, cu materialul este u\u0219or de proiectat cutii de lumin\u0103, de instalat elemente de publicitate luminoas\u0103 la opriri. De asemenea, v\u0103 va pl\u0103cea calitatea imprim\u0103rii pe Backlite. Datorit\u0103 rezolu\u021biei ridicate \u0219i red\u0103rii excelente a culorilor, reclama este luminoas\u0103 \u0219i saturat\u0103. Pe aceast\u0103 \u021bes\u0103tur\u0103 pentru bannere, ve\u021bi imprima o imagine cu nuan\u021be foarte subtile.<\/p>\n","protected":false},"featured_media":2118,"template":"","meta":[],"product_cat":[131,101],"product_tag":[],"class_list":["post-2117","product","type-product","status-publish","has-post-thumbnail","hentry","product_cat-materialy-dlya-pechati-ro","product_cat-reklamnye-materialy-ro"],"acf":[],"_links":{"self":[{"href":"https:\/\/polikarbonat.md\/ro\/wp-json\/wp\/v2\/product\/2117","targetHints":{"allow":["GET"]}}],"collection":[{"href":"https:\/\/polikarbonat.md\/ro\/wp-json\/wp\/v2\/product"}],"about":[{"href":"https:\/\/polikarbonat.md\/ro\/wp-json\/wp\/v2\/types\/product"}],"wp:featuredmedia":[{"embeddable":true,"href":"https:\/\/polikarbonat.md\/ro\/wp-json\/wp\/v2\/media\/2118"}],"wp:attachment":[{"href":"https:\/\/polikarbonat.md\/ro\/wp-json\/wp\/v2\/media?parent=2117"}],"wp:term":[{"taxonomy":"product_cat","embeddable":true,"href":"https:\/\/polikarbonat.md\/ro\/wp-json\/wp\/v2\/product_cat?post=2117"},{"taxonomy":"product_tag","embeddable":true,"href":"https:\/\/polikarbonat.md\/ro\/wp-json\/wp\/v2\/product_tag?post=2117"}],"curies":[{"name":"wp","href":"https:\/\/api.w.org\/{rel}","templated":true}]}}