{"id":2143,"date":"2022-12-22T16:11:00","date_gmt":"2022-12-22T13:11:00","guid":{"rendered":"https:\/\/polikarbonat.md\/product\/pvh-vspenennyj-kitaj-3mm-2050-3050-belyj\/"},"modified":"2025-12-23T16:05:32","modified_gmt":"2025-12-23T13:05:32","slug":"pvh-vspenennyj-kitaj-3mm-2050-3050-belyj","status":"publish","type":"product","link":"https:\/\/polikarbonat.md\/ro\/product\/pvh-vspenennyj-kitaj-3mm-2050-3050-belyj\/","title":{"rendered":"Placi PVC China 3mm*2050*3050 alb"},"content":{"rendered":"<div class=\"flex flex-col text-sm pb-25\">\n<article class=\"text-token-text-primary w-full focus:outline-none [--shadow-height:45px] has-data-writing-block:pointer-events-none has-data-writing-block:-mt-(--shadow-height) has-data-writing-block:pt-(--shadow-height) [&amp;:has([data-writing-block])&gt;*]:pointer-events-auto scroll-mt-[calc(var(--header-height)+min(200px,max(70px,20svh)))]\" dir=\"auto\" tabindex=\"-1\" data-turn-id=\"a8160758-0d2f-4bfd-9abc-3821e9521d53\" data-testid=\"conversation-turn-98\" data-scroll-anchor=\"true\" data-turn=\"assistant\">\n<div class=\"text-base my-auto mx-auto pb-10 [--thread-content-margin:--spacing(4)] @w-sm\/main:[--thread-content-margin:--spacing(6)] @w-lg\/main:[--thread-content-margin:--spacing(16)] px-(--thread-content-margin)\">\n<div class=\"[--thread-content-max-width:40rem] @w-lg\/main:[--thread-content-max-width:48rem] mx-auto max-w-(--thread-content-max-width) flex-1 group\/turn-messages focus-visible:outline-hidden relative flex w-full min-w-0 flex-col agent-turn\" tabindex=\"-1\">\n<div class=\"flex max-w-full flex-col grow\">\n<div class=\"min-h-8 text-message relative flex w-full flex-col items-end gap-2 text-start break-words whitespace-normal [.text-message+&amp;]:mt-1\" dir=\"auto\" data-message-author-role=\"assistant\" data-message-id=\"0f61dc70-2497-4b1d-b040-1a4f7e564995\" data-message-model-slug=\"gpt-5-2-thinking\">\n<div class=\"flex w-full flex-col gap-1 empty:hidden first:pt-[1px]\">\n<div class=\"markdown prose dark:prose-invert w-full break-words light markdown-new-styling\">\n<p data-start=\"532\" data-end=\"557\"><strong data-start=\"532\" data-end=\"557\">Avantaje (principal):<\/strong><\/p>\n<ul>\n<li data-start=\"560\" data-end=\"616\">rezistent la umiditate: nu se umfl\u0103, nu se deformeaz\u0103;<\/li>\n<li data-start=\"619\" data-end=\"663\">foarte u\u0219or, comod la transport \u0219i montaj;<\/li>\n<li data-start=\"666\" data-end=\"720\">prelucrare rapid\u0103: t\u0103iere, g\u0103urire, frezare, lipire;<\/li>\n<li data-start=\"723\" data-end=\"787\">potrivit pentru interior, inclusiv spa\u021bii cu umiditate ridicat\u0103.<\/li>\n<\/ul>\n<p data-start=\"789\" data-end=\"814\"><strong data-start=\"789\" data-end=\"814\">Aplicare (principal):<\/strong><\/p>\n<ul>\n<li data-start=\"817\" data-end=\"916\">publicitate &amp; POS: panouri, litere volumetrice, standuri, vitrine, piese pentru casete luminoase;<\/li>\n<li data-start=\"919\" data-end=\"989\">semnalistic\u0103: pl\u0103cu\u021be informative, indicatoare, structuri verticale;<\/li>\n<li data-start=\"992\" data-end=\"1084\">construc\u021bii\/finisaje: placare pere\u021bi, pere\u021bi desp\u0103r\u021bitori, zone umede, elemente la ferestre.<\/li>\n<\/ul>\n<\/div>\n<\/div>\n<\/div>\n<\/div>\n<div class=\"z-0 flex min-h-[46px] justify-start\"><\/div>\n<div class=\"mt-3 w-full empty:hidden\">\n<div class=\"text-center\"><\/div>\n<\/div>\n<\/div>\n<\/div>\n<\/article>\n<\/div>\n<div class=\"pointer-events-none h-px w-px absolute bottom-0\" aria-hidden=\"true\" data-edge=\"true\"><\/div>\n","protected":false},"excerpt":{"rendered":"<p>Pl\u0103cile PVC spumat China 3 mm (2050\u00d73050, alb) sunt o solu\u021bie u\u0219oar\u0103 \u0219i economic\u0103 pentru publicitate, amenaj\u0103ri interioare \u0219i lucr\u0103ri de finisare. Materialul are o structur\u0103 spumat\u0103 care \u00eel face simplu de manevrat \u0219i montat, iar suprafa\u021ba alb\u0103 este potrivit\u0103 pentru aplicare folie, inscrip\u021bionare \u0219i realizarea de panouri. Un plus important: PVC-ul spumat nu absoarbe apa, astfel \u00ee\u0219i p\u0103streaz\u0103 forma \u0219i nu se deformeaz\u0103 nici \u00een contact \u00eendelungat cu umezeala.<\/p>\n","protected":false},"featured_media":2140,"template":"","meta":[],"product_cat":[142,141],"product_tag":[],"class_list":["post-2143","product","type-product","status-publish","has-post-thumbnail","hentry","product_cat-kitaj-plastik-pvh-ro","product_cat-plastik-pvh-ro"],"acf":[],"_links":{"self":[{"href":"https:\/\/polikarbonat.md\/ro\/wp-json\/wp\/v2\/product\/2143","targetHints":{"allow":["GET"]}}],"collection":[{"href":"https:\/\/polikarbonat.md\/ro\/wp-json\/wp\/v2\/product"}],"about":[{"href":"https:\/\/polikarbonat.md\/ro\/wp-json\/wp\/v2\/types\/product"}],"wp:featuredmedia":[{"embeddable":true,"href":"https:\/\/polikarbonat.md\/ro\/wp-json\/wp\/v2\/media\/2140"}],"wp:attachment":[{"href":"https:\/\/polikarbonat.md\/ro\/wp-json\/wp\/v2\/media?parent=2143"}],"wp:term":[{"taxonomy":"product_cat","embeddable":true,"href":"https:\/\/polikarbonat.md\/ro\/wp-json\/wp\/v2\/product_cat?post=2143"},{"taxonomy":"product_tag","embeddable":true,"href":"https:\/\/polikarbonat.md\/ro\/wp-json\/wp\/v2\/product_tag?post=2143"}],"curies":[{"name":"wp","href":"https:\/\/api.w.org\/{rel}","templated":true}]}}