{"id":2144,"date":"2022-12-22T16:10:36","date_gmt":"2022-12-22T13:10:36","guid":{"rendered":"https:\/\/polikarbonat.md\/product\/pvh-vspenennyj-kitaj-10mm-1220-2440-belyj\/"},"modified":"2025-12-23T17:04:13","modified_gmt":"2025-12-23T14:04:13","slug":"pvh-vspenennyj-kitaj-10mm-1220-2440-belyj","status":"publish","type":"product","link":"https:\/\/polikarbonat.md\/ro\/product\/pvh-vspenennyj-kitaj-10mm-1220-2440-belyj\/","title":{"rendered":"Placi PVC EChina 10mm*1220*2440 alb"},"content":{"rendered":"<div class=\"flex flex-col text-sm pb-25\">\n<article class=\"text-token-text-primary w-full focus:outline-none [--shadow-height:45px] has-data-writing-block:pointer-events-none has-data-writing-block:-mt-(--shadow-height) has-data-writing-block:pt-(--shadow-height) [&amp;:has([data-writing-block])&gt;*]:pointer-events-auto scroll-mt-[calc(var(--header-height)+min(200px,max(70px,20svh)))]\" dir=\"auto\" tabindex=\"-1\" data-turn-id=\"8a0f3237-e793-46ab-abc6-e489131fffa1\" data-testid=\"conversation-turn-100\" data-scroll-anchor=\"true\" data-turn=\"assistant\">\n<div class=\"text-base my-auto mx-auto pb-10 [--thread-content-margin:--spacing(4)] @w-sm\/main:[--thread-content-margin:--spacing(6)] @w-lg\/main:[--thread-content-margin:--spacing(16)] px-(--thread-content-margin)\">\n<div class=\"[--thread-content-max-width:40rem] @w-lg\/main:[--thread-content-max-width:48rem] mx-auto max-w-(--thread-content-max-width) flex-1 group\/turn-messages focus-visible:outline-hidden relative flex w-full min-w-0 flex-col agent-turn\" tabindex=\"-1\">\n<div class=\"flex max-w-full flex-col grow\">\n<div class=\"min-h-8 text-message relative flex w-full flex-col items-end gap-2 text-start break-words whitespace-normal [.text-message+&amp;]:mt-1\" dir=\"auto\" data-message-author-role=\"assistant\" data-message-id=\"e47eb8d5-be91-4259-bb7d-5e64bf7e587a\" data-message-model-slug=\"gpt-5-2-thinking\">\n<div class=\"flex w-full flex-col gap-1 empty:hidden first:pt-[1px]\">\n<div class=\"markdown prose dark:prose-invert w-full break-words light markdown-new-styling\">\n<p data-start=\"466\" data-end=\"491\"><strong data-start=\"466\" data-end=\"491\">Avantaje (principal):<\/strong><\/p>\n<ul>\n<li data-start=\"494\" data-end=\"548\">grosime 10 mm pentru rigiditate \u0219i stabilitate bun\u0103;<\/li>\n<li data-start=\"551\" data-end=\"607\">rezistent la umiditate: nu se umfl\u0103, nu se deformeaz\u0103;<\/li>\n<li data-start=\"610\" data-end=\"664\">u\u0219or de prelucrat: t\u0103iere, g\u0103urire, frezare, lipire;<\/li>\n<li data-start=\"667\" data-end=\"719\">suprafa\u021b\u0103 alb\u0103 practic\u0103 pentru decor\/inscrip\u021bionare.<\/li>\n<\/ul>\n<p data-start=\"721\" data-end=\"746\"><strong data-start=\"721\" data-end=\"746\">Aplicare (principal):<\/strong><\/p>\n<ul>\n<li data-start=\"749\" data-end=\"848\">publicitate &amp; POS: panouri, standuri, litere volumetrice, vitrine, piese pentru casete luminoase;<\/li>\n<li data-start=\"851\" data-end=\"919\">semnalistic\u0103: indicatoare, pl\u0103ci informative, structuri verticale;<\/li>\n<li data-start=\"922\" data-end=\"1045\">construc\u021bii\/finisaje: placare pere\u021bi, pere\u021bi desp\u0103r\u021bitori, lucr\u0103ri \u00een \u00eenc\u0103peri cu umiditate ridicat\u0103, elemente la ferestre.<\/li>\n<\/ul>\n<\/div>\n<\/div>\n<\/div>\n<\/div>\n<\/div>\n<\/div>\n<\/article>\n<\/div>\n","protected":false},"excerpt":{"rendered":"<p data-start=\"53\" data-end=\"464\">Pl\u0103cile PVC spumat EChina 10 mm (1220\u00d72440, alb) sunt un material rigid \u0219i rezistent, potrivit pentru proiecte unde ai nevoie de grosime mai mare \u0219i stabilitate: panouri, construc\u021bii u\u0219oare, elemente publicitare \u0219i finisaje. PVC-ul spumat este apreciat pentru faptul c\u0103 nu absoarbe apa &#8211; nu se umfl\u0103 \u0219i nu se deformeaz\u0103, chiar \u0219i \u00een spa\u021bii cu umiditate ridicat\u0103 sau la contact prelungit cu umezeala.<\/p>\n<p data-start=\"466\" data-end=\"491\">\n","protected":false},"featured_media":2140,"template":"","meta":[],"product_cat":[142,141],"product_tag":[],"class_list":["post-2144","product","type-product","status-publish","has-post-thumbnail","hentry","product_cat-kitaj-plastik-pvh-ro","product_cat-plastik-pvh-ro"],"acf":[],"_links":{"self":[{"href":"https:\/\/polikarbonat.md\/ro\/wp-json\/wp\/v2\/product\/2144","targetHints":{"allow":["GET"]}}],"collection":[{"href":"https:\/\/polikarbonat.md\/ro\/wp-json\/wp\/v2\/product"}],"about":[{"href":"https:\/\/polikarbonat.md\/ro\/wp-json\/wp\/v2\/types\/product"}],"wp:featuredmedia":[{"embeddable":true,"href":"https:\/\/polikarbonat.md\/ro\/wp-json\/wp\/v2\/media\/2140"}],"wp:attachment":[{"href":"https:\/\/polikarbonat.md\/ro\/wp-json\/wp\/v2\/media?parent=2144"}],"wp:term":[{"taxonomy":"product_cat","embeddable":true,"href":"https:\/\/polikarbonat.md\/ro\/wp-json\/wp\/v2\/product_cat?post=2144"},{"taxonomy":"product_tag","embeddable":true,"href":"https:\/\/polikarbonat.md\/ro\/wp-json\/wp\/v2\/product_tag?post=2144"}],"curies":[{"name":"wp","href":"https:\/\/api.w.org\/{rel}","templated":true}]}}