{"id":2165,"date":"2022-12-22T15:47:21","date_gmt":"2022-12-22T12:47:21","guid":{"rendered":"https:\/\/polikarbonat.md\/product\/orgsteklo-kitaj-5mm-1220-2440-opal-beloe\/"},"modified":"2023-05-25T12:57:01","modified_gmt":"2023-05-25T09:57:01","slug":"orgsteklo-kitaj-5mm-1220-2440-opal-beloe","status":"publish","type":"product","link":"https:\/\/polikarbonat.md\/ro\/product\/orgsteklo-kitaj-5mm-1220-2440-opal-beloe\/","title":{"rendered":"Sticl\u0103 organic\u0103 China 5mm*1220*2440 opal (alb)"},"content":{"rendered":"","protected":false},"excerpt":{"rendered":"<p>Sticl\u0103 organic\u0103 are o serie de avantaje care au fost utilizate cu succes \u00eentr-o gam\u0103 larg\u0103 de aplica\u021bii. Principalele dintre acestea sunt:<\/p>\n<ul>\n<li>procesare u\u0219oar\u0103 &#8211; cele mai incredibile forme pot fi create din Plexiglas, care este utilizat cu succes \u00een mobilier \u0219i design interior<\/li>\n<li>greutatea redus\u0103 faciliteaz\u0103 transportul \u0219i instalarea produselor din acrilic, aceast\u0103 proprietate este folosit\u0103 pentru a crea structuri publicitare<\/li>\n<li>rezisten\u021ba la umiditate \u0219i la multe substan\u021be chimice permite ca materialul s\u0103 fie utilizat pentru fabricarea de publicitate \u00een aer liber<\/li>\n<\/ul>\n","protected":false},"featured_media":2160,"template":"","meta":[],"product_cat":[145,144,146],"product_tag":[],"class_list":["post-2165","product","type-product","status-publish","has-post-thumbnail","hentry","product_cat-orgsteklo-ro","product_cat-orgsteklo-i-plastik-ro","product_cat-kitaj-ro"],"acf":[],"_links":{"self":[{"href":"https:\/\/polikarbonat.md\/ro\/wp-json\/wp\/v2\/product\/2165","targetHints":{"allow":["GET"]}}],"collection":[{"href":"https:\/\/polikarbonat.md\/ro\/wp-json\/wp\/v2\/product"}],"about":[{"href":"https:\/\/polikarbonat.md\/ro\/wp-json\/wp\/v2\/types\/product"}],"wp:featuredmedia":[{"embeddable":true,"href":"https:\/\/polikarbonat.md\/ro\/wp-json\/wp\/v2\/media\/2160"}],"wp:attachment":[{"href":"https:\/\/polikarbonat.md\/ro\/wp-json\/wp\/v2\/media?parent=2165"}],"wp:term":[{"taxonomy":"product_cat","embeddable":true,"href":"https:\/\/polikarbonat.md\/ro\/wp-json\/wp\/v2\/product_cat?post=2165"},{"taxonomy":"product_tag","embeddable":true,"href":"https:\/\/polikarbonat.md\/ro\/wp-json\/wp\/v2\/product_tag?post=2165"}],"curies":[{"name":"wp","href":"https:\/\/api.w.org\/{rel}","templated":true}]}}