{"id":2172,"date":"2022-12-22T15:39:33","date_gmt":"2022-12-22T12:39:33","guid":{"rendered":"https:\/\/polikarbonat.md\/product\/orgsteklo-kitaj-2mm-1220-2440-prozrachnoe\/"},"modified":"2025-12-24T16:44:25","modified_gmt":"2025-12-24T13:44:25","slug":"orgsteklo-kitaj-2mm-1220-2440-prozrachnoe","status":"publish","type":"product","link":"https:\/\/polikarbonat.md\/ro\/product\/orgsteklo-kitaj-2mm-1220-2440-prozrachnoe\/","title":{"rendered":"Sticl\u0103 organic\u0103 China 2mm*1220*2440 transparent"},"content":{"rendered":"<div class=\"flex flex-col text-sm pb-25\">\n<article class=\"text-token-text-primary w-full focus:outline-none [--shadow-height:45px] has-data-writing-block:pointer-events-none has-data-writing-block:-mt-(--shadow-height) has-data-writing-block:pt-(--shadow-height) [&amp;:has([data-writing-block])&gt;*]:pointer-events-auto scroll-mt-[calc(var(--header-height)+min(200px,max(70px,20svh)))]\" dir=\"auto\" tabindex=\"-1\" data-turn-id=\"ec6fe3c5-21c0-48d9-af75-a0fba0ff9c51\" data-testid=\"conversation-turn-144\" data-scroll-anchor=\"true\" data-turn=\"assistant\">\n<div class=\"text-base my-auto mx-auto pb-10 [--thread-content-margin:--spacing(4)] @w-sm\/main:[--thread-content-margin:--spacing(6)] @w-lg\/main:[--thread-content-margin:--spacing(16)] px-(--thread-content-margin)\">\n<div class=\"[--thread-content-max-width:40rem] @w-lg\/main:[--thread-content-max-width:48rem] mx-auto max-w-(--thread-content-max-width) flex-1 group\/turn-messages focus-visible:outline-hidden relative flex w-full min-w-0 flex-col agent-turn\" tabindex=\"-1\">\n<div class=\"flex max-w-full flex-col grow\">\n<div class=\"min-h-8 text-message relative flex w-full flex-col items-end gap-2 text-start break-words whitespace-normal [.text-message+&amp;]:mt-1\" dir=\"auto\" data-message-author-role=\"assistant\" data-message-id=\"a2ae0b91-aec4-49cf-afae-14f6efb0245f\" data-message-model-slug=\"gpt-5-2-thinking\">\n<div class=\"flex w-full flex-col gap-1 empty:hidden first:pt-[1px]\">\n<div class=\"markdown prose dark:prose-invert w-full break-words light markdown-new-styling\">\n<p data-start=\"605\" data-end=\"630\"><strong data-start=\"605\" data-end=\"630\">Avantaje (principal):<\/strong><\/p>\n<ul>\n<li data-start=\"633\" data-end=\"670\">transparen\u021b\u0103 clar\u0103, aspect estetic;<\/li>\n<li data-start=\"673\" data-end=\"729\">grosime 2 mm \u2014 u\u0219or \u0219i flexibil pentru multe proiecte;<\/li>\n<li data-start=\"732\" data-end=\"779\">prelucrare u\u0219oar\u0103: t\u0103iere, g\u0103urire, modelare;<\/li>\n<li data-start=\"782\" data-end=\"835\">rezistent la umiditate \u0219i la multe substan\u021be chimice.<\/li>\n<\/ul>\n<p data-start=\"837\" data-end=\"862\"><strong data-start=\"837\" data-end=\"862\">Aplicare (principal):<\/strong><\/p>\n<ul>\n<li data-start=\"865\" data-end=\"944\">design interior \u0219i mobilier: panouri sub\u021biri, protec\u021bii, elemente decorative;<\/li>\n<li data-start=\"947\" data-end=\"1017\">publicitate: vitrine, panouri, display-uri, materiale de prezentare;<\/li>\n<li data-start=\"1020\" data-end=\"1089\">proiecte unde este necesar un material transparent \u0219i u\u0219or de montat.<\/li>\n<\/ul>\n<\/div>\n<\/div>\n<\/div>\n<\/div>\n<\/div>\n<\/div>\n<\/article>\n<\/div>\n","protected":false},"excerpt":{"rendered":"<p data-start=\"65\" data-end=\"603\">Sticla organic\u0103 (plexiglas) China 2 mm, format 1220\u00d72440, transparent este o op\u021biune u\u0219oar\u0103 \u0219i comod\u0103 pentru proiecte unde conteaz\u0103 claritatea, aspectul curat \u0219i prelucrarea rapid\u0103. Grosimea de 2 mm este potrivit\u0103 pentru elemente sub\u021biri: protec\u021bii, panouri decorative \u0219i piese pentru publicitate. Materialul se taie \u0219i se modeleaz\u0103 u\u0219or, iar greutatea redus\u0103 simplific\u0103 transportul \u0219i montajul. \u00cen plus, rezist\u0103 bine la umezeal\u0103 \u0219i la multe substan\u021be chimice, fiind utilizabil \u0219i \u00een aplica\u021bii de exterior (\u00een func\u021bie de proiect).<\/p>\n","protected":false},"featured_media":2163,"template":"","meta":[],"product_cat":[145,144,146],"product_tag":[],"class_list":["post-2172","product","type-product","status-publish","has-post-thumbnail","hentry","product_cat-orgsteklo-ro","product_cat-orgsteklo-i-plastik-ro","product_cat-kitaj-ro"],"acf":[],"_links":{"self":[{"href":"https:\/\/polikarbonat.md\/ro\/wp-json\/wp\/v2\/product\/2172","targetHints":{"allow":["GET"]}}],"collection":[{"href":"https:\/\/polikarbonat.md\/ro\/wp-json\/wp\/v2\/product"}],"about":[{"href":"https:\/\/polikarbonat.md\/ro\/wp-json\/wp\/v2\/types\/product"}],"wp:featuredmedia":[{"embeddable":true,"href":"https:\/\/polikarbonat.md\/ro\/wp-json\/wp\/v2\/media\/2163"}],"wp:attachment":[{"href":"https:\/\/polikarbonat.md\/ro\/wp-json\/wp\/v2\/media?parent=2172"}],"wp:term":[{"taxonomy":"product_cat","embeddable":true,"href":"https:\/\/polikarbonat.md\/ro\/wp-json\/wp\/v2\/product_cat?post=2172"},{"taxonomy":"product_tag","embeddable":true,"href":"https:\/\/polikarbonat.md\/ro\/wp-json\/wp\/v2\/product_tag?post=2172"}],"curies":[{"name":"wp","href":"https:\/\/api.w.org\/{rel}","templated":true}]}}