{"id":2181,"date":"2022-12-22T15:34:25","date_gmt":"2022-12-22T12:34:25","guid":{"rendered":"https:\/\/polikarbonat.md\/product\/orgsteklo-evropa-3mm-2050-3050-oranzhevoe\/"},"modified":"2026-01-21T16:18:59","modified_gmt":"2026-01-21T13:18:59","slug":"orgsteklo-evropa-3mm-2050-3050-oranzhevoe","status":"publish","type":"product","link":"https:\/\/polikarbonat.md\/ro\/product\/orgsteklo-evropa-3mm-2050-3050-oranzhevoe\/","title":{"rendered":"Sticl\u0103 organic\u0103 Europa 3mm*2050*3050 portocaliu"},"content":{"rendered":"","protected":false},"excerpt":{"rendered":"<div class=\"flex flex-col text-sm pb-25\">\n<article class=\"text-token-text-primary w-full focus:outline-none [--shadow-height:45px] has-data-writing-block:pointer-events-none has-data-writing-block:-mt-(--shadow-height) has-data-writing-block:pt-(--shadow-height) [&amp;:has([data-writing-block])&gt;*]:pointer-events-auto [content-visibility:auto] supports-[content-visibility:auto]:[contain-intrinsic-size:auto_100lvh] scroll-mt-[calc(var(--header-height)+min(200px,max(70px,20svh)))]\" dir=\"auto\" tabindex=\"-1\" data-turn-id=\"request-WEB:cf5b3e90-92f2-40cd-b7b5-c7e2e349cc74-12\" data-testid=\"conversation-turn-14\" data-scroll-anchor=\"true\" data-turn=\"assistant\">\n<div class=\"text-base my-auto mx-auto pb-10 [--thread-content-margin:--spacing(4)] @w-sm\/main:[--thread-content-margin:--spacing(6)] @w-lg\/main:[--thread-content-margin:--spacing(16)] px-(--thread-content-margin)\">\n<div class=\"[--thread-content-max-width:40rem] @w-lg\/main:[--thread-content-max-width:48rem] mx-auto max-w-(--thread-content-max-width) flex-1 group\/turn-messages focus-visible:outline-hidden relative flex w-full min-w-0 flex-col agent-turn\" tabindex=\"-1\">\n<div class=\"flex max-w-full flex-col grow\">\n<div class=\"min-h-8 text-message relative flex w-full flex-col items-end gap-2 text-start break-words whitespace-normal [.text-message+&amp;]:mt-1\" dir=\"auto\" data-message-author-role=\"assistant\" data-message-id=\"514f9319-95c0-46fd-b0f0-6ecfbcae35e0\" data-message-model-slug=\"gpt-5-2\">\n<div class=\"flex w-full flex-col gap-1 empty:hidden first:pt-[1px]\">\n<div class=\"markdown prose dark:prose-invert w-full break-words light markdown-new-styling\">\n<p data-start=\"125\" data-end=\"496\">Sticla organic\u0103 <strong data-start=\"141\" data-end=\"210\">Europa portocalie cu grosimea de 3 mm \u0219i dimensiunea 2050\u00d73050 mm<\/strong> este un material acrilic decorativ, creat pentru proiecte care au nevoie de <strong data-start=\"287\" data-end=\"352\">culoare intens\u0103, transparen\u021b\u0103 controlat\u0103 \u0219i prelucrare u\u0219oar\u0103<\/strong>. Nuan\u021ba portocalie ofer\u0103 un efect vizual puternic, fiind ideal\u0103 pentru <strong data-start=\"424\" data-end=\"495\">reclame, panouri promo\u021bionale, vitrine \u0219i elemente de design modern<\/strong>.<\/p>\n<p data-start=\"498\" data-end=\"828\">Grosimea de <strong data-start=\"510\" data-end=\"518\">3 mm<\/strong> permite <strong data-start=\"527\" data-end=\"571\">t\u0103iere, frezare, g\u0103urire \u0219i termoformare<\/strong> f\u0103r\u0103 fisurare, ceea ce face acest plexiglas perfect pentru <strong data-start=\"631\" data-end=\"722\">litere volumetrice, standuri expozi\u021bionale, panouri decorative \u0219i structuri publicitare<\/strong>. Formatul mare 2050\u00d73050 mm este potrivit pentru realizarea de suprafe\u021be continue f\u0103r\u0103 \u00eembin\u0103ri vizibile.<\/p>\n<p data-start=\"830\" data-end=\"1088\">Materialul este <strong data-start=\"846\" data-end=\"899\">rezistent la umiditate, raze UV \u0219i agen\u021bi chimici<\/strong>, ceea ce permite utilizarea at\u00e2t <strong data-start=\"933\" data-end=\"948\">\u00een interior<\/strong>, c\u00e2t \u0219i <strong data-start=\"957\" data-end=\"972\">\u00een exterior<\/strong>, f\u0103r\u0103 decolorare sau pierdere de rezisten\u021b\u0103. Greutatea redus\u0103 simplific\u0103 montajul \u0219i reduce costurile de transport.<\/p>\n<p data-start=\"1090\" data-end=\"1179\">Sticla organic\u0103 Europa 3 mm portocaliu este solu\u021bia ideal\u0103 \u00een Chi\u0219in\u0103u \u0219i Moldova pentru:<\/p>\n<ul>\n<li data-start=\"1182\" data-end=\"1218\">reclame \u0219i semnalistic\u0103 colorat\u0103<\/li>\n<li data-start=\"1221\" data-end=\"1244\">vitrine \u0219i standuri<\/li>\n<li data-start=\"1247\" data-end=\"1281\">logo-uri \u0219i litere volumetrice<\/li>\n<li data-start=\"1284\" data-end=\"1319\">elemente decorative \u0219i mobilier<\/li>\n<\/ul>\n<p data-start=\"1321\" data-end=\"1463\" data-is-last-node=\"\" data-is-only-node=\"\">Disponibil\u0103 <strong data-start=\"1333\" data-end=\"1363\">din stoc cu livrare rapid\u0103<\/strong>, aceast\u0103 plac\u0103 din plexiglas combin\u0103 <strong data-start=\"1401\" data-end=\"1462\">impactul vizual cu durabilitatea \u0219i u\u0219urin\u021ba \u00een utilizare<\/strong>.<\/p>\n<\/div>\n<\/div>\n<\/div>\n<\/div>\n<\/div>\n<\/div>\n<\/article>\n<\/div>\n","protected":false},"featured_media":2182,"template":"","meta":[],"product_cat":[145,144,147],"product_tag":[],"class_list":["post-2181","product","type-product","status-publish","has-post-thumbnail","hentry","product_cat-orgsteklo-ro","product_cat-orgsteklo-i-plastik-ro","product_cat-evropa-ro"],"acf":[],"_links":{"self":[{"href":"https:\/\/polikarbonat.md\/ro\/wp-json\/wp\/v2\/product\/2181","targetHints":{"allow":["GET"]}}],"collection":[{"href":"https:\/\/polikarbonat.md\/ro\/wp-json\/wp\/v2\/product"}],"about":[{"href":"https:\/\/polikarbonat.md\/ro\/wp-json\/wp\/v2\/types\/product"}],"wp:featuredmedia":[{"embeddable":true,"href":"https:\/\/polikarbonat.md\/ro\/wp-json\/wp\/v2\/media\/2182"}],"wp:attachment":[{"href":"https:\/\/polikarbonat.md\/ro\/wp-json\/wp\/v2\/media?parent=2181"}],"wp:term":[{"taxonomy":"product_cat","embeddable":true,"href":"https:\/\/polikarbonat.md\/ro\/wp-json\/wp\/v2\/product_cat?post=2181"},{"taxonomy":"product_tag","embeddable":true,"href":"https:\/\/polikarbonat.md\/ro\/wp-json\/wp\/v2\/product_tag?post=2181"}],"curies":[{"name":"wp","href":"https:\/\/api.w.org\/{rel}","templated":true}]}}