{"id":2192,"date":"2022-12-22T15:29:06","date_gmt":"2022-12-22T12:29:06","guid":{"rendered":"https:\/\/polikarbonat.md\/product\/orgsteklo-evropa-2mm-2050-3050-prozrachnoe\/"},"modified":"2026-01-21T17:58:38","modified_gmt":"2026-01-21T14:58:38","slug":"orgsteklo-evropa-2mm-2050-3050-prozrachnoe","status":"publish","type":"product","link":"https:\/\/polikarbonat.md\/ro\/product\/orgsteklo-evropa-2mm-2050-3050-prozrachnoe\/","title":{"rendered":"Sticl\u0103 organic\u0103 Europa 2mm*2050*3050 transparent\u0103"},"content":{"rendered":"","protected":false},"excerpt":{"rendered":"<div class=\"flex flex-col text-sm pb-25\">\n<article class=\"text-token-text-primary w-full focus:outline-none [--shadow-height:45px] has-data-writing-block:pointer-events-none has-data-writing-block:-mt-(--shadow-height) has-data-writing-block:pt-(--shadow-height) [&amp;:has([data-writing-block])&gt;*]:pointer-events-auto scroll-mt-[calc(var(--header-height)+min(200px,max(70px,20svh)))]\" dir=\"auto\" tabindex=\"-1\" data-turn-id=\"request-6970c71f-51fc-832e-b7ca-6aeb1c60701e-7\" data-testid=\"conversation-turn-30\" data-scroll-anchor=\"true\" data-turn=\"assistant\">\n<div class=\"text-base my-auto mx-auto pb-10 [--thread-content-margin:--spacing(4)] @w-sm\/main:[--thread-content-margin:--spacing(6)] @w-lg\/main:[--thread-content-margin:--spacing(16)] px-(--thread-content-margin)\">\n<div class=\"[--thread-content-max-width:40rem] @w-lg\/main:[--thread-content-max-width:48rem] mx-auto max-w-(--thread-content-max-width) flex-1 group\/turn-messages focus-visible:outline-hidden relative flex w-full min-w-0 flex-col agent-turn\" tabindex=\"-1\">\n<div class=\"flex max-w-full flex-col grow\">\n<div class=\"min-h-8 text-message relative flex w-full flex-col items-end gap-2 text-start break-words whitespace-normal [.text-message+&amp;]:mt-1\" dir=\"auto\" data-message-author-role=\"assistant\" data-message-id=\"ac94df40-0018-4d11-ae5a-91a78e9889af\" data-message-model-slug=\"gpt-5-2\">\n<div class=\"flex w-full flex-col gap-1 empty:hidden first:pt-[1px]\">\n<div class=\"markdown prose dark:prose-invert w-full break-words light markdown-new-styling\">\n<p data-start=\"121\" data-end=\"476\">Sticla organic\u0103 Europa transparent\u0103 cu grosimea de 2 mm \u0219i dimensiunea 2050\u00d73050 mm este un material acrilic sub\u021bire \u0219i flexibil, ideal pentru aplica\u021bii unde este necesar\u0103 claritate optic\u0103, greutate minim\u0103 \u0219i prelucrare rapid\u0103. Plexiglasul transparent este perfect pentru vitrine, panouri de protec\u021bie, afi\u0219aje, reclame \u0219i elemente decorative.<\/p>\n<p data-start=\"478\" data-end=\"742\">Grosimea de 2 mm permite t\u0103iere, \u00eendoire \u0219i termoformare u\u0219oar\u0103, ceea ce \u00eel face potrivit pentru standuri expozi\u021bionale, panouri publicitare \u0219i proiecte de design interior. Formatul mare permite realizarea de suprafe\u021be continue, f\u0103r\u0103 \u00eembin\u0103ri vizibile.<\/p>\n<p data-start=\"744\" data-end=\"990\">Materialul este rezistent la umiditate, raze UV \u0219i agen\u021bi chimici, put\u00e2nd fi utilizat at\u00e2t \u00een interior, c\u00e2t \u0219i \u00een exterior, f\u0103r\u0103 risc de degradare. Greutatea redus\u0103 faciliteaz\u0103 transportul \u0219i montajul, reduc\u00e2nd costurile de instalare.<\/p>\n<p data-start=\"992\" data-end=\"1083\">Sticla organic\u0103 Europa 2 mm transparent\u0103 este solu\u021bia ideal\u0103 \u00een Chi\u0219in\u0103u \u0219i Moldova pentru:<\/p>\n<ul>\n<li data-start=\"1086\" data-end=\"1108\">panouri \u0219i vitrine<\/li>\n<li data-start=\"1111\" data-end=\"1137\">protec\u021bii transparente<\/li>\n<li data-start=\"1140\" data-end=\"1162\">reclame \u0219i afi\u0219aje<\/li>\n<li data-start=\"1165\" data-end=\"1200\">mobilier \u0219i elemente decorative<\/li>\n<\/ul>\n<p data-start=\"1202\" data-end=\"1360\" data-is-last-node=\"\" data-is-only-node=\"\">Disponibil\u0103 din stoc cu livrare rapid\u0103, aceast\u0103 plac\u0103 din plexiglas ofer\u0103 un echilibru excelent \u00eentre claritate, flexibilitate \u0219i eficien\u021b\u0103 economic\u0103.<\/p>\n<\/div>\n<\/div>\n<\/div>\n<\/div>\n<\/div>\n<\/div>\n<\/article>\n<\/div>\n","protected":false},"featured_media":2163,"template":"","meta":[],"product_cat":[145,144,147],"product_tag":[],"class_list":["post-2192","product","type-product","status-publish","has-post-thumbnail","hentry","product_cat-orgsteklo-ro","product_cat-orgsteklo-i-plastik-ro","product_cat-evropa-ro"],"acf":[],"_links":{"self":[{"href":"https:\/\/polikarbonat.md\/ro\/wp-json\/wp\/v2\/product\/2192","targetHints":{"allow":["GET"]}}],"collection":[{"href":"https:\/\/polikarbonat.md\/ro\/wp-json\/wp\/v2\/product"}],"about":[{"href":"https:\/\/polikarbonat.md\/ro\/wp-json\/wp\/v2\/types\/product"}],"wp:featuredmedia":[{"embeddable":true,"href":"https:\/\/polikarbonat.md\/ro\/wp-json\/wp\/v2\/media\/2163"}],"wp:attachment":[{"href":"https:\/\/polikarbonat.md\/ro\/wp-json\/wp\/v2\/media?parent=2192"}],"wp:term":[{"taxonomy":"product_cat","embeddable":true,"href":"https:\/\/polikarbonat.md\/ro\/wp-json\/wp\/v2\/product_cat?post=2192"},{"taxonomy":"product_tag","embeddable":true,"href":"https:\/\/polikarbonat.md\/ro\/wp-json\/wp\/v2\/product_tag?post=2192"}],"curies":[{"name":"wp","href":"https:\/\/api.w.org\/{rel}","templated":true}]}}