{"id":2194,"date":"2022-12-22T15:28:06","date_gmt":"2022-12-22T12:28:06","guid":{"rendered":"https:\/\/polikarbonat.md\/product\/orgsteklo-evropa-3mm-1220-2440-prozrachnoe\/"},"modified":"2026-01-22T10:49:25","modified_gmt":"2026-01-22T07:49:25","slug":"orgsteklo-evropa-3mm-1220-2440-prozrachnoe","status":"publish","type":"product","link":"https:\/\/polikarbonat.md\/ro\/product\/orgsteklo-evropa-3mm-1220-2440-prozrachnoe\/","title":{"rendered":"Sticl\u0103 organic\u0103 Europa 3mm*1220*2440 transparent"},"content":{"rendered":"","protected":false},"excerpt":{"rendered":"<div class=\"flex flex-col text-sm pb-25\">\n<article class=\"text-token-text-primary w-full focus:outline-none [--shadow-height:45px] has-data-writing-block:pointer-events-none has-data-writing-block:-mt-(--shadow-height) has-data-writing-block:pt-(--shadow-height) [&amp;:has([data-writing-block])&gt;*]:pointer-events-auto scroll-mt-[calc(var(--header-height)+min(200px,max(70px,20svh)))]\" dir=\"auto\" tabindex=\"-1\" data-turn-id=\"request-6970c71f-51fc-832e-b7ca-6aeb1c60701e-2\" data-testid=\"conversation-turn-34\" data-scroll-anchor=\"true\" data-turn=\"assistant\">\n<div class=\"text-base my-auto mx-auto pb-10 [--thread-content-margin:--spacing(4)] @w-sm\/main:[--thread-content-margin:--spacing(6)] @w-lg\/main:[--thread-content-margin:--spacing(16)] px-(--thread-content-margin)\">\n<div class=\"[--thread-content-max-width:40rem] @w-lg\/main:[--thread-content-max-width:48rem] mx-auto max-w-(--thread-content-max-width) flex-1 group\/turn-messages focus-visible:outline-hidden relative flex w-full min-w-0 flex-col agent-turn\" tabindex=\"-1\">\n<div class=\"flex max-w-full flex-col grow\">\n<div class=\"min-h-8 text-message relative flex w-full flex-col items-end gap-2 text-start break-words whitespace-normal [.text-message+&amp;]:mt-1\" dir=\"auto\" data-message-author-role=\"assistant\" data-message-id=\"93d43cc3-891b-4a5e-9841-e370a13a0442\" data-message-model-slug=\"gpt-5-2\">\n<div class=\"flex w-full flex-col gap-1 empty:hidden first:pt-[1px]\">\n<div class=\"markdown prose dark:prose-invert w-full wrap-break-word light markdown-new-styling\">\n<p data-start=\"129\" data-end=\"509\">Sticla organic\u0103 Europa transparent\u0103 cu grosimea de 3 mm \u0219i dimensiunea 1220\u00d72440 mm este un material acrilic versatil, ideal pentru proiecte unde sunt necesare claritate optic\u0103, rezisten\u021b\u0103 \u0219i format practic pentru prelucrare. Plexiglasul transparent este utilizat frecvent pentru vitrine, panouri de protec\u021bie, standuri expozi\u021bionale, mobilier \u0219i aplica\u021bii comerciale.<\/p>\n<p data-start=\"511\" data-end=\"801\">Formatul 1220\u00d72440 mm este u\u0219or de manipulat \u0219i optimizeaz\u0103 consumul de material, fiind potrivit pentru t\u0103iere precis\u0103 \u0219i produc\u021bie eficient\u0103. Grosimea de 3 mm ofer\u0103 rigiditate suficient\u0103 pentru suprafe\u021be plane, dar permite \u0219i termoformare, g\u0103urire \u0219i frezare f\u0103r\u0103 fisurare.<\/p>\n<p data-start=\"803\" data-end=\"1062\">Materialul este rezistent la umiditate, raze UV \u0219i substan\u021be chimice, put\u00e2nd fi utilizat at\u00e2t \u00een interior, c\u00e2t \u0219i \u00een exterior, inclusiv pentru structuri publicitare \u0219i panouri transparente. Greutatea redus\u0103 faciliteaz\u0103 montajul \u0219i transportul.<\/p>\n<p data-start=\"1064\" data-end=\"1165\">Sticla organic\u0103 Europa 3 mm transparent 1220\u00d72440 este alegerea optim\u0103 \u00een Chi\u0219in\u0103u \u0219i Moldova pentru:<\/p>\n<ul>\n<li data-start=\"1168\" data-end=\"1192\">vitrine \u0219i protec\u021bii<\/li>\n<li data-start=\"1195\" data-end=\"1217\">reclame \u0219i panouri<\/li>\n<li data-start=\"1220\" data-end=\"1247\">separatoare \u0219i mobilier<\/li>\n<li data-start=\"1250\" data-end=\"1274\">amenaj\u0103ri comerciale<\/li>\n<\/ul>\n<p data-start=\"1276\" data-end=\"1430\" data-is-last-node=\"\" data-is-only-node=\"\">Disponibil\u0103 din stoc cu livrare rapid\u0103, aceast\u0103 plac\u0103 din plexiglas ofer\u0103 un raport excelent \u00eentre claritate, durabilitate \u0219i eficien\u021b\u0103 economic\u0103.<\/p>\n<\/div>\n<\/div>\n<\/div>\n<\/div>\n<\/div>\n<\/div>\n<\/article>\n<\/div>\n","protected":false},"featured_media":2163,"template":"","meta":[],"product_cat":[145,144,147],"product_tag":[],"class_list":["post-2194","product","type-product","status-publish","has-post-thumbnail","hentry","product_cat-orgsteklo-ro","product_cat-orgsteklo-i-plastik-ro","product_cat-evropa-ro"],"acf":[],"_links":{"self":[{"href":"https:\/\/polikarbonat.md\/ro\/wp-json\/wp\/v2\/product\/2194","targetHints":{"allow":["GET"]}}],"collection":[{"href":"https:\/\/polikarbonat.md\/ro\/wp-json\/wp\/v2\/product"}],"about":[{"href":"https:\/\/polikarbonat.md\/ro\/wp-json\/wp\/v2\/types\/product"}],"wp:featuredmedia":[{"embeddable":true,"href":"https:\/\/polikarbonat.md\/ro\/wp-json\/wp\/v2\/media\/2163"}],"wp:attachment":[{"href":"https:\/\/polikarbonat.md\/ro\/wp-json\/wp\/v2\/media?parent=2194"}],"wp:term":[{"taxonomy":"product_cat","embeddable":true,"href":"https:\/\/polikarbonat.md\/ro\/wp-json\/wp\/v2\/product_cat?post=2194"},{"taxonomy":"product_tag","embeddable":true,"href":"https:\/\/polikarbonat.md\/ro\/wp-json\/wp\/v2\/product_tag?post=2194"}],"curies":[{"name":"wp","href":"https:\/\/api.w.org\/{rel}","templated":true}]}}