{"id":2264,"date":"2022-12-14T13:39:50","date_gmt":"2022-12-14T10:39:50","guid":{"rendered":"https:\/\/polikarbonat.md\/product\/toplight-w-microprizma-1-3mm-1040-3000-prozrachnyj\/"},"modified":"2026-01-23T15:44:23","modified_gmt":"2026-01-23T12:44:23","slug":"toplight-w-microprizma-1-3mm-1040-3000-prozrachnyj","status":"publish","type":"product","link":"https:\/\/polikarbonat.md\/ro\/product\/toplight-w-microprizma-1-3mm-1040-3000-prozrachnyj\/","title":{"rendered":"TOPLIGHT W MICROPRIZMA 1,3 mm *1040*3000 transparent"},"content":{"rendered":"<h3 data-start=\"1094\" data-end=\"1123\">Aplica\u021bii recomandate<\/h3>\n<p data-start=\"1124\" data-end=\"1175\">TOPLIGHT W Microprizma 1,3 mm este potrivit pentru:<\/p>\n<ul>\n<li data-start=\"1178\" data-end=\"1206\">copertine \u0219i acoperi\u0219uri<\/li>\n<li data-start=\"1209\" data-end=\"1230\">pergole \u0219i terase<\/li>\n<li data-start=\"1233\" data-end=\"1252\">sere \u0219i solarii<\/li>\n<li data-start=\"1255\" data-end=\"1276\">parc\u0103ri acoperite<\/li>\n<li data-start=\"1279\" data-end=\"1312\">fa\u021bade \u0219i pere\u021bi transparen\u021bi<\/li>\n<li data-start=\"1315\" data-end=\"1352\">cl\u0103diri comerciale \u0219i industriale<\/li>\n<\/ul>\n","protected":false},"excerpt":{"rendered":"<p data-start=\"145\" data-end=\"520\">Placa TOPLIGHT W Microprizma din policarbonat, grosime 1,3 mm, dimensiune 1040\u00d73000 mm, culoare transparent\u0103 este un material profesional pentru acoperi\u0219uri \u0219i pere\u021bi transparen\u021bi, creat pentru a oferi lumin\u0103 natural\u0103 maxim\u0103, protec\u021bie UV \u0219i confort vizual. Structura microprismat\u0103 disperseaz\u0103 razele solare, elimin\u0103 orbirea \u0219i distribuie uniform lumina sub acoperi\u0219.<\/p>\n<p data-start=\"522\" data-end=\"733\">Datorit\u0103 transparen\u021bei ridicate, acest policarbonat este ideal pentru terase, pergole, sere, parc\u0103ri acoperite \u0219i spa\u021bii comerciale, unde este important\u0103 o iluminare natural\u0103 intens\u0103 f\u0103r\u0103 supra\u00eenc\u0103lzire.<\/p>\n<p data-start=\"735\" data-end=\"978\">Materialul este fabricat din policarbonat cu protec\u021bie UV, fiind rezistent la impact, grindin\u0103, v\u00e2nt \u0219i varia\u021bii extreme de temperatur\u0103 (\u201340\u00b0C p\u00e2n\u0103 la +120\u00b0C). Nu se \u00eeng\u0103lbene\u0219te \u0219i \u00ee\u0219i p\u0103streaz\u0103 transparen\u021ba \u0219i rezisten\u021ba ani la r\u00e2nd.<\/p>\n<p data-start=\"980\" data-end=\"1087\">\n","protected":false},"featured_media":2259,"template":"","meta":[],"product_cat":[150,149],"product_tag":[],"class_list":["post-2264","product","type-product","status-publish","has-post-thumbnail","hentry","product_cat-shifer-italiya-ro","product_cat-polikarbonat-ro"],"acf":[],"_links":{"self":[{"href":"https:\/\/polikarbonat.md\/ro\/wp-json\/wp\/v2\/product\/2264","targetHints":{"allow":["GET"]}}],"collection":[{"href":"https:\/\/polikarbonat.md\/ro\/wp-json\/wp\/v2\/product"}],"about":[{"href":"https:\/\/polikarbonat.md\/ro\/wp-json\/wp\/v2\/types\/product"}],"wp:featuredmedia":[{"embeddable":true,"href":"https:\/\/polikarbonat.md\/ro\/wp-json\/wp\/v2\/media\/2259"}],"wp:attachment":[{"href":"https:\/\/polikarbonat.md\/ro\/wp-json\/wp\/v2\/media?parent=2264"}],"wp:term":[{"taxonomy":"product_cat","embeddable":true,"href":"https:\/\/polikarbonat.md\/ro\/wp-json\/wp\/v2\/product_cat?post=2264"},{"taxonomy":"product_tag","embeddable":true,"href":"https:\/\/polikarbonat.md\/ro\/wp-json\/wp\/v2\/product_tag?post=2264"}],"curies":[{"name":"wp","href":"https:\/\/api.w.org\/{rel}","templated":true}]}}