{"id":2292,"date":"2022-12-12T13:46:35","date_gmt":"2022-12-12T10:46:35","guid":{"rendered":"https:\/\/polikarbonat.md\/product\/soton-nano-6mm-2100-6000-bronzovyj\/"},"modified":"2026-04-17T15:17:45","modified_gmt":"2026-04-17T12:17:45","slug":"soton-nano-6mm-2100-6000-bronzovyj","status":"publish","type":"product","link":"https:\/\/polikarbonat.md\/ro\/product\/soton-nano-6mm-2100-6000-bronzovyj\/","title":{"rendered":"Policarbonat celular 6mm*2100*6000 bronz"},"content":{"rendered":"","protected":false},"excerpt":{"rendered":"<p data-start=\"175\" data-end=\"528\">Policarbonatul celular bronz de 6 mm este un material modern, rezistent \u0219i versatil, recomandat pentru lucr\u0103ri unde conteaz\u0103 at\u00e2t protec\u021bia, c\u00e2t \u0219i aspectul estetic. Datorit\u0103 structurii sale interne cu camere de aer, acesta ofer\u0103 o bun\u0103 izolare termic\u0103 \u0219i o rezisten\u021b\u0103 sporit\u0103 la utilizare, p\u0103str\u00e2nd \u00een acela\u0219i timp o greutate redus\u0103 \u0219i un montaj facil.\u00a0Nuan\u021ba bronz este apreciat\u0103 pentru aspectul elegant \u0219i pentru capacitatea de a reduce intensitatea luminii, cre\u00e2nd un plus de confort vizual. De aceea, acest tip de policarbonat este potrivit pentru copertine, terase, verande, pasaje acoperite \u0219i alte construc\u021bii u\u0219oare unde este necesar un material practic, durabil \u0219i pl\u0103cut vizual.<\/p>\n<p data-start=\"867\" data-end=\"1311\">Pl\u0103cile de policarbonat celular bronz se folosesc \u0219i pentru \u00eenchideri de ferestre \u0219i u\u0219i, pere\u021bi exteriori sau interiori \u00een cl\u0103diri comerciale, industriale \u0219i sportive. Sunt o solu\u021bie eficient\u0103 pentru compartiment\u0103ri, balcoane, tavane suspendate, cabine de du\u0219, foi\u0219oare, gr\u0103dini de iarn\u0103, vitrine \u0219i cafenele de var\u0103. \u00cen plus, materialul poate fi utilizat pentru sere, solarii, panouri publicitare \u0219i diferite proiecte de amenajare interioar\u0103. Dac\u0103 ave\u021bi nevoie de un material fiabil, estetic \u0219i u\u0219or de integrat \u00een diverse proiecte, policarbonatul celular bronz de 6 mm este o alegere avantajoas\u0103 pentru spa\u021bii reziden\u021biale \u0219i comerciale.<\/p>\n","protected":false},"featured_media":2282,"template":"","meta":[],"product_cat":[155,154,152,157,149],"product_tag":[],"class_list":["post-2292","product","type-product","status-publish","has-post-thumbnail","hentry","product_cat-6mm-ro","product_cat-bronzovyj-sotovyj-polikarbonat-ro","product_cat-policarbonat-celular","product_cat-polikarbonat-sotovyj-2n-struktury-ro","product_cat-polikarbonat-ro"],"acf":[],"_links":{"self":[{"href":"https:\/\/polikarbonat.md\/ro\/wp-json\/wp\/v2\/product\/2292","targetHints":{"allow":["GET"]}}],"collection":[{"href":"https:\/\/polikarbonat.md\/ro\/wp-json\/wp\/v2\/product"}],"about":[{"href":"https:\/\/polikarbonat.md\/ro\/wp-json\/wp\/v2\/types\/product"}],"wp:featuredmedia":[{"embeddable":true,"href":"https:\/\/polikarbonat.md\/ro\/wp-json\/wp\/v2\/media\/2282"}],"wp:attachment":[{"href":"https:\/\/polikarbonat.md\/ro\/wp-json\/wp\/v2\/media?parent=2292"}],"wp:term":[{"taxonomy":"product_cat","embeddable":true,"href":"https:\/\/polikarbonat.md\/ro\/wp-json\/wp\/v2\/product_cat?post=2292"},{"taxonomy":"product_tag","embeddable":true,"href":"https:\/\/polikarbonat.md\/ro\/wp-json\/wp\/v2\/product_tag?post=2292"}],"curies":[{"name":"wp","href":"https:\/\/api.w.org\/{rel}","templated":true}]}}