{"id":2301,"date":"2022-12-11T17:28:24","date_gmt":"2022-12-11T14:28:24","guid":{"rendered":"https:\/\/polikarbonat.md\/product\/monolitnyj-polikarbonat-4mm-2050-6100-prozrachnyj\/"},"modified":"2026-04-17T16:32:50","modified_gmt":"2026-04-17T13:32:50","slug":"monolitnyj-polikarbonat-4mm-2050-6100-prozrachnyj","status":"publish","type":"product","link":"https:\/\/polikarbonat.md\/ro\/product\/monolitnyj-polikarbonat-4mm-2050-6100-prozrachnyj\/","title":{"rendered":"Policarbonat monolitic 4mm*2050*6100, transparent"},"content":{"rendered":"<p data-start=\"1040\" data-end=\"1467\">Acest tip de policarbonat este recomandat pentru acoperirea cl\u0103dirilor \u0219i a diferitelor structuri, pentru realizarea copertinelor, ecranelor de protec\u021bie \u0219i luminatoarelor rezistente la impact. Se folose\u0219te frecvent \u0219i pentru ecrane antizgomot amplasate pe autostr\u0103zi \u0219i c\u0103i ferate, pentru sere \u0219i gr\u0103dini de iarn\u0103, precum \u0219i pentru zone unde este necesar\u0103 protec\u021bie antivandalism, inclusiv fa\u021bade de magazine, b\u0103nci sau muzee.<\/p>\n<p data-start=\"1469\" data-end=\"1924\">Policarbonatul monolitic transparent de 4 mm este potrivit \u0219i pentru geamuri utilizate \u00een transportul de pasageri, fie rutier, feroviar, aerian sau naval. De asemenea, este o alegere eficient\u0103 pentru produc\u021bia de echipamente de iluminat, panouri publicitare \u0219i alte solu\u021bii func\u021bionale sau decorative. Dac\u0103 ave\u021bi nevoie de un material rezistent, transparent \u0219i u\u0219or de integrat \u00een proiecte diverse, aceast\u0103 variant\u0103 este o solu\u021bie practic\u0103 \u0219i avantajoas\u0103.<\/p>\n","protected":false},"excerpt":{"rendered":"<p>Policarbonatul monolitic transparent de 4 mm este un material modern, rezistent \u0219i versatil, apreciat pentru combina\u021bia dintre claritate, durabilitate \u0219i greutate redus\u0103. Acesta reprezint\u0103 o alternativ\u0103 practic\u0103 la sticl\u0103, oferind o bun\u0103 transmitere a luminii \u0219i o rezisten\u021b\u0103 ridicat\u0103 la impact, ceea ce \u00eel face potrivit pentru numeroase aplica\u021bii \u00een construc\u021bii, amenaj\u0103ri \u0219i proiecte comerciale.<\/p>\n<p>Datorit\u0103 structurii sale compacte, materialul se remarc\u0103 prin flexibilitate, rezisten\u021b\u0103 la foc, protec\u021bie \u00eempotriva radia\u021biilor UV \u0219i o durat\u0103 mare de utilizare. Este u\u0219or de prelucrat \u0219i de montat, fiind utilizat at\u00e2t \u00een spa\u021bii reziden\u021biale, c\u00e2t \u0219i \u00een cl\u0103diri industriale, comerciale sau agricole. \u00cen plus, policarbonatul monolitic transparent ofer\u0103 un aspect curat \u0219i modern, fiind ideal pentru proiecte unde lumina natural\u0103 \u0219i siguran\u021ba sunt la fel de importante.<\/p>\n","protected":false},"featured_media":2302,"template":"","meta":[],"product_cat":[164,149,163,167],"product_tag":[],"class_list":["post-2301","product","type-product","status-publish","has-post-thumbnail","hentry","product_cat-monolitnyj-polikarbonat-4mm-kupit-v-kishinyove-ro","product_cat-polikarbonat-ro","product_cat-monolitnyj-polikarbonat-ro","product_cat-prozrachnyj-ro"],"acf":[],"_links":{"self":[{"href":"https:\/\/polikarbonat.md\/ro\/wp-json\/wp\/v2\/product\/2301","targetHints":{"allow":["GET"]}}],"collection":[{"href":"https:\/\/polikarbonat.md\/ro\/wp-json\/wp\/v2\/product"}],"about":[{"href":"https:\/\/polikarbonat.md\/ro\/wp-json\/wp\/v2\/types\/product"}],"wp:featuredmedia":[{"embeddable":true,"href":"https:\/\/polikarbonat.md\/ro\/wp-json\/wp\/v2\/media\/2302"}],"wp:attachment":[{"href":"https:\/\/polikarbonat.md\/ro\/wp-json\/wp\/v2\/media?parent=2301"}],"wp:term":[{"taxonomy":"product_cat","embeddable":true,"href":"https:\/\/polikarbonat.md\/ro\/wp-json\/wp\/v2\/product_cat?post=2301"},{"taxonomy":"product_tag","embeddable":true,"href":"https:\/\/polikarbonat.md\/ro\/wp-json\/wp\/v2\/product_tag?post=2301"}],"curies":[{"name":"wp","href":"https:\/\/api.w.org\/{rel}","templated":true}]}}