{"id":2310,"date":"2022-12-11T17:20:37","date_gmt":"2022-12-11T14:20:37","guid":{"rendered":"https:\/\/polikarbonat.md\/product\/monolitnyj-polikarbonat-2mm-2050-3050-prozrachnyj\/"},"modified":"2026-04-20T10:39:47","modified_gmt":"2026-04-20T07:39:47","slug":"monolitnyj-polikarbonat-2mm-2050-3050-prozrachnyj","status":"publish","type":"product","link":"https:\/\/polikarbonat.md\/ro\/product\/monolitnyj-polikarbonat-2mm-2050-3050-prozrachnyj\/","title":{"rendered":"Policarbonat monolitic 2mm*2050*3050, transparent"},"content":{"rendered":"","protected":false},"excerpt":{"rendered":"<p>\n  Policarbonatul monolitic transparent de 2 mm este un material modern, u\u0219or \u0219i rezistent, potrivit pentru numeroase proiecte de construc\u021bie, amenajare \u0219i protec\u021bie. Datorit\u0103 structurii sale compacte, acesta ofer\u0103 o transparen\u021b\u0103 foarte bun\u0103 \u0219i o rezisten\u021b\u0103 ridicat\u0103 la impact, fiind o alternativ\u0103 practic\u0103 la sticl\u0103 \u00een aplica\u021bii unde conteaz\u0103 siguran\u021ba, durabilitatea \u0219i aspectul estetic.<br \/>\n<br \/>\nAcest material se remarc\u0103 prin flexibilitate, greutate redus\u0103, rezisten\u021b\u0103 la foc \u0219i protec\u021bie \u00eempotriva radia\u021biilor UV. Se prelucreaz\u0103 u\u0219or \u0219i poate fi utilizat at\u00e2t \u00een gospod\u0103rii private, c\u00e2t \u0219i \u00een proiecte comerciale, industriale sau agricole. \u00cen plus, policarbonatul monolitic transparent are un raport avantajos \u00eentre pre\u021b \u0219i performan\u021b\u0103, ceea ce \u00eel face o alegere eficient\u0103 pentru utilizare pe termen lung.\n<\/p>\n<p>\nPolicarbonatul monolitic transparent de 2 mm este recomandat pentru acoperirea cl\u0103dirilor \u0219i a diferitelor structuri civile sau industriale, pentru realizarea copertinelor, ecranelor de protec\u021bie \u0219i luminatoarelor rezistente la impact. De asemenea, este potrivit pentru ecrane antizgomot amplasate pe autostr\u0103zi \u0219i c\u0103i ferate, pentru sere \u0219i gr\u0103dini de iarn\u0103, precum \u0219i pentru spa\u021bii unde este necesar\u0103 protec\u021bie antivandalism, inclusiv fa\u021bade de magazine, b\u0103nci \u0219i muzee. Materialul poate fi utilizat \u0219i pentru geamuri \u00een domeniul transportului de pasageri, fie rutier, feroviar, aerian sau naval. \u00cen plus, este o solu\u021bie bun\u0103 pentru produc\u021bia de echipamente de iluminat, panouri publicitare \u0219i alte elemente func\u021bionale sau decorative. Dac\u0103 ave\u021bi nevoie de un material transparent, rezistent \u0219i versatil, policarbonatul monolitic de 2 mm este o alegere practic\u0103 pentru o gam\u0103 larg\u0103 de aplica\u021bii.<\/p>\n","protected":false},"featured_media":2302,"template":"","meta":[],"product_cat":[166,149,163,167],"product_tag":[],"class_list":["post-2310","product","type-product","status-publish","has-post-thumbnail","hentry","product_cat-2mm-ro","product_cat-polikarbonat-ro","product_cat-monolitnyj-polikarbonat-ro","product_cat-prozrachnyj-ro"],"acf":[],"_links":{"self":[{"href":"https:\/\/polikarbonat.md\/ro\/wp-json\/wp\/v2\/product\/2310","targetHints":{"allow":["GET"]}}],"collection":[{"href":"https:\/\/polikarbonat.md\/ro\/wp-json\/wp\/v2\/product"}],"about":[{"href":"https:\/\/polikarbonat.md\/ro\/wp-json\/wp\/v2\/types\/product"}],"wp:featuredmedia":[{"embeddable":true,"href":"https:\/\/polikarbonat.md\/ro\/wp-json\/wp\/v2\/media\/2302"}],"wp:attachment":[{"href":"https:\/\/polikarbonat.md\/ro\/wp-json\/wp\/v2\/media?parent=2310"}],"wp:term":[{"taxonomy":"product_cat","embeddable":true,"href":"https:\/\/polikarbonat.md\/ro\/wp-json\/wp\/v2\/product_cat?post=2310"},{"taxonomy":"product_tag","embeddable":true,"href":"https:\/\/polikarbonat.md\/ro\/wp-json\/wp\/v2\/product_tag?post=2310"}],"curies":[{"name":"wp","href":"https:\/\/api.w.org\/{rel}","templated":true}]}}